{"id":5591,"date":"2024-12-30T12:28:02","date_gmt":"2024-12-30T11:28:02","guid":{"rendered":"https:\/\/comtedethun.com\/fr\/?post_type=product&#038;p=5591"},"modified":"2025-10-27T11:07:42","modified_gmt":"2025-10-27T10:07:42","slug":"cest-si-doux","status":"publish","type":"product","link":"https:\/\/comtedethun.com\/fr\/produit\/cest-si-doux\/","title":{"rendered":"C&rsquo;est si doux"},"content":{"rendered":"","protected":false},"excerpt":{"rendered":"<h3><strong>Vin de France &#8211; Blanc doux<\/strong><\/h3>\n<p>Arborant une belle robe or, le s\u00e9millon affiche ici son caract\u00e8re d\u00e9licat et subtil, m\u00ealant des notes de ch\u00e8vrefeuille, de miel et de cire. La bouche est ronde et pleine de gourmandise, donnant \u00e0 gouter des fruits confits m\u00eal\u00e9s de poire juteuse.<\/p>\n","protected":false},"featured_media":5849,"comment_status":"closed","ping_status":"closed","template":"","meta":{"greyd_block_editor_preview":[]},"product_brand":[],"product_cat":[43],"product_tag":[],"class_list":{"0":"post-5591","1":"product","2":"type-product","3":"status-publish","4":"has-post-thumbnail","6":"product_cat-les-atypiques","8":"first","9":"instock","10":"taxable","11":"shipping-taxable","12":"purchasable","13":"product-type-simple"},"_links":{"self":[{"href":"https:\/\/comtedethun.com\/fr\/wp-json\/wp\/v2\/product\/5591","targetHints":{"allow":["GET"]}}],"collection":[{"href":"https:\/\/comtedethun.com\/fr\/wp-json\/wp\/v2\/product"}],"about":[{"href":"https:\/\/comtedethun.com\/fr\/wp-json\/wp\/v2\/types\/product"}],"replies":[{"embeddable":true,"href":"https:\/\/comtedethun.com\/fr\/wp-json\/wp\/v2\/comments?post=5591"}],"wp:featuredmedia":[{"embeddable":true,"href":"https:\/\/comtedethun.com\/fr\/wp-json\/wp\/v2\/media\/5849"}],"wp:attachment":[{"href":"https:\/\/comtedethun.com\/fr\/wp-json\/wp\/v2\/media?parent=5591"}],"wp:term":[{"taxonomy":"product_brand","embeddable":true,"href":"https:\/\/comtedethun.com\/fr\/wp-json\/wp\/v2\/product_brand?post=5591"},{"taxonomy":"product_cat","embeddable":true,"href":"https:\/\/comtedethun.com\/fr\/wp-json\/wp\/v2\/product_cat?post=5591"},{"taxonomy":"product_tag","embeddable":true,"href":"https:\/\/comtedethun.com\/fr\/wp-json\/wp\/v2\/product_tag?post=5591"}],"curies":[{"name":"wp","href":"https:\/\/api.w.org\/{rel}","templated":true}]}}