{"id":5590,"date":"2024-12-30T11:07:41","date_gmt":"2024-12-30T10:07:41","guid":{"rendered":"https:\/\/comtedethun.com\/fr\/?post_type=product&#038;p=5590"},"modified":"2025-10-27T11:08:04","modified_gmt":"2025-10-27T10:08:04","slug":"thun","status":"publish","type":"product","link":"https:\/\/comtedethun.com\/fr\/produit\/thun\/","title":{"rendered":"THUN &#8211; M\u00e9thode traditionnelle"},"content":{"rendered":"<p>Cet effervescent est produit selon la m\u00e9thode traditionnelle champenoise, \u00e0 partir du c\u00e9page pinot noir. Ramass\u00e9s \u00e0 la main, les raisins sont press\u00e9s d\u00e9licatement et la fermentation s&rsquo;effectue \u00e0 basse temp\u00e9rature. Une fois la fermentation alcoolique achev\u00e9e, le vin est mis en bouteille pour une seconde fermentation, c&rsquo;est l&rsquo;\u00e9tape de la \u00ab\u00a0prise de mousse\u00a0\u00bb.\u00a0 Apr\u00e8s un \u00e9levage sur lies de 9 mois minimum, le vin est \u00ab\u00a0d\u00e9gorg\u00e9\u00a0\u00bb, et aditionn\u00e9 d&rsquo;une liqueur, sans ajout de sucre pour obtenir un vin brut.<\/p>\n","protected":false},"excerpt":{"rendered":"<h4><strong>Vin de France &#8211; M\u00e9thode Traditionnelle<\/strong><\/h4>\n<p>Une robe \u00ab\u00a0blush\u00a0\u00bb et brillante. Les trains de bulles sont fins et \u00e9l\u00e9gants, mais bien visibles. Le nez est port\u00e9 par des ar\u00f4mes d\u00e9licats de violette et de tilleul.<\/p>\n<p>La bouche affiche un trait floral \u00e9vanescent, sublim\u00e9 par des ar\u00f4mes de poire.<\/p>\n","protected":false},"featured_media":5858,"comment_status":"closed","ping_status":"closed","template":"","meta":{"greyd_block_editor_preview":[]},"product_brand":[],"product_cat":[43],"product_tag":[],"class_list":{"0":"post-5590","1":"product","2":"type-product","3":"status-publish","4":"has-post-thumbnail","6":"product_cat-les-atypiques","8":"first","9":"instock","10":"taxable","11":"shipping-taxable","12":"purchasable","13":"product-type-simple"},"_links":{"self":[{"href":"https:\/\/comtedethun.com\/fr\/wp-json\/wp\/v2\/product\/5590","targetHints":{"allow":["GET"]}}],"collection":[{"href":"https:\/\/comtedethun.com\/fr\/wp-json\/wp\/v2\/product"}],"about":[{"href":"https:\/\/comtedethun.com\/fr\/wp-json\/wp\/v2\/types\/product"}],"replies":[{"embeddable":true,"href":"https:\/\/comtedethun.com\/fr\/wp-json\/wp\/v2\/comments?post=5590"}],"wp:featuredmedia":[{"embeddable":true,"href":"https:\/\/comtedethun.com\/fr\/wp-json\/wp\/v2\/media\/5858"}],"wp:attachment":[{"href":"https:\/\/comtedethun.com\/fr\/wp-json\/wp\/v2\/media?parent=5590"}],"wp:term":[{"taxonomy":"product_brand","embeddable":true,"href":"https:\/\/comtedethun.com\/fr\/wp-json\/wp\/v2\/product_brand?post=5590"},{"taxonomy":"product_cat","embeddable":true,"href":"https:\/\/comtedethun.com\/fr\/wp-json\/wp\/v2\/product_cat?post=5590"},{"taxonomy":"product_tag","embeddable":true,"href":"https:\/\/comtedethun.com\/fr\/wp-json\/wp\/v2\/product_tag?post=5590"}],"curies":[{"name":"wp","href":"https:\/\/api.w.org\/{rel}","templated":true}]}}