{"id":5538,"date":"2024-12-17T11:23:13","date_gmt":"2024-12-17T10:23:13","guid":{"rendered":"https:\/\/comtedethun.com\/fr\/?post_type=product&#038;p=5538"},"modified":"2025-10-27T11:08:39","modified_gmt":"2025-10-27T10:08:39","slug":"chope-le-coq-rose","status":"publish","type":"product","link":"https:\/\/comtedethun.com\/fr\/produit\/chope-le-coq-rose\/","title":{"rendered":"Chope le Coq Ros\u00e9"},"content":{"rendered":"<p id=\"headline_62cee5a866407\" class=\"vc_headline h4 \">Ce ros\u00e9 de pressurage direct est un assemblage de Cabernet Franc, Merlot et Syrah.<\/p>\n<p class=\"vc_headline h4 \">Le pressurage s&rsquo;effectue \u00e0 basse pression, et la fermentation alcoolique est r\u00e9alis\u00e9e \u00e0 basse temp\u00e9rature, afin d&rsquo;obtenir un ros\u00e9 clair et l\u00e9ger et fruit\u00e9.<\/p>\n<p>&nbsp;<\/p>\n","protected":false},"excerpt":{"rendered":"<h4><strong>IGP C\u00f4tes du Tarn Ros\u00e9 &#8211; Chope le Coq Ros\u00e9<\/strong><\/h4>\n<h5><em><strong>Quand le coq s\u2019\u00e9veille, le ros\u00e9 clair illumine l\u2019instant. L\u00e9ger, fruit\u00e9, parfait pour faire chanter vos moments d\u2019\u00e9t\u00e9!<br \/>\n<\/strong><\/em><\/h5>\n<p>Un vin de joie l\u00e9ger, aux tonalit\u00e9s acidul\u00e9es de bonbon arlequin.<\/p>\n<p>La bouche est d\u00e9licate et gourmande, m\u00ealant des notes de fraise des bois et de violette.<\/p>\n","protected":false},"featured_media":5851,"comment_status":"closed","ping_status":"closed","template":"","meta":{"greyd_block_editor_preview":[]},"product_brand":[],"product_cat":[33],"product_tag":[],"class_list":{"0":"post-5538","1":"product","2":"type-product","3":"status-publish","4":"has-post-thumbnail","6":"product_cat-vins-de-joie","8":"first","9":"instock","10":"taxable","11":"shipping-taxable","12":"purchasable","13":"product-type-variable"},"_links":{"self":[{"href":"https:\/\/comtedethun.com\/fr\/wp-json\/wp\/v2\/product\/5538","targetHints":{"allow":["GET"]}}],"collection":[{"href":"https:\/\/comtedethun.com\/fr\/wp-json\/wp\/v2\/product"}],"about":[{"href":"https:\/\/comtedethun.com\/fr\/wp-json\/wp\/v2\/types\/product"}],"replies":[{"embeddable":true,"href":"https:\/\/comtedethun.com\/fr\/wp-json\/wp\/v2\/comments?post=5538"}],"wp:featuredmedia":[{"embeddable":true,"href":"https:\/\/comtedethun.com\/fr\/wp-json\/wp\/v2\/media\/5851"}],"wp:attachment":[{"href":"https:\/\/comtedethun.com\/fr\/wp-json\/wp\/v2\/media?parent=5538"}],"wp:term":[{"taxonomy":"product_brand","embeddable":true,"href":"https:\/\/comtedethun.com\/fr\/wp-json\/wp\/v2\/product_brand?post=5538"},{"taxonomy":"product_cat","embeddable":true,"href":"https:\/\/comtedethun.com\/fr\/wp-json\/wp\/v2\/product_cat?post=5538"},{"taxonomy":"product_tag","embeddable":true,"href":"https:\/\/comtedethun.com\/fr\/wp-json\/wp\/v2\/product_tag?post=5538"}],"curies":[{"name":"wp","href":"https:\/\/api.w.org\/{rel}","templated":true}]}}