{"id":5180,"date":"2019-12-05T14:14:34","date_gmt":"2019-12-05T13:14:34","guid":{"rendered":"https:\/\/comtedethun.com\/?post_type=product&#038;p=5180"},"modified":"2025-10-27T11:12:05","modified_gmt":"2025-10-27T10:12:05","slug":"la-cabane","status":"publish","type":"product","link":"https:\/\/comtedethun.com\/fr\/produit\/la-cabane\/","title":{"rendered":"La Cabane"},"content":{"rendered":"<p>Issu \u00e0 100 % du c\u00e9page Cabernet Franc, la cabane clame haut et fort son identit\u00e9, d\u00e9ployant une palette olfactive allant du cassis aux accents de garrigue.<br \/>\nLa bouche est port\u00e9e par une belle fraicheur, tenue par des notes de r\u00e9glisse et d&rsquo;eucalyptus. L&rsquo;\u00e9levage long de 24 mois en chene francais lui conf\u00e8re une belle complexit\u00e9, liant ses notes bois\u00e9es \u00e0 celle du fruit m\u00fbr.<\/p>\n","protected":false},"excerpt":{"rendered":"<h4><strong>IGP C\u00f4tes du Tarn\u00a0 ROUGE La Cabane &#8211; <\/strong><strong>Cabernet Sauvignon<\/strong><\/h4>\n<p>Ce vin d\u00e9ploie une large palette olfactive, m\u00ealant des notes de fruits rouges aux effluves plus capiteuses de tabac et d\u2019eucalyptus. Les tannins se fondent en bouche et donnent corps au vin, affirmant son caract\u00e8re subtil et \u00e9l\u00e9gant.<\/p>\n","protected":false},"featured_media":5853,"comment_status":"closed","ping_status":"closed","template":"","meta":{"greyd_block_editor_preview":[]},"product_brand":[],"product_cat":[40],"product_tag":[],"class_list":{"0":"post-5180","1":"product","2":"type-product","3":"status-publish","4":"has-post-thumbnail","6":"product_cat-selections-parcellaires","8":"first","9":"instock","10":"taxable","11":"shipping-taxable","12":"purchasable","13":"product-type-variable"},"_links":{"self":[{"href":"https:\/\/comtedethun.com\/fr\/wp-json\/wp\/v2\/product\/5180","targetHints":{"allow":["GET"]}}],"collection":[{"href":"https:\/\/comtedethun.com\/fr\/wp-json\/wp\/v2\/product"}],"about":[{"href":"https:\/\/comtedethun.com\/fr\/wp-json\/wp\/v2\/types\/product"}],"replies":[{"embeddable":true,"href":"https:\/\/comtedethun.com\/fr\/wp-json\/wp\/v2\/comments?post=5180"}],"wp:featuredmedia":[{"embeddable":true,"href":"https:\/\/comtedethun.com\/fr\/wp-json\/wp\/v2\/media\/5853"}],"wp:attachment":[{"href":"https:\/\/comtedethun.com\/fr\/wp-json\/wp\/v2\/media?parent=5180"}],"wp:term":[{"taxonomy":"product_brand","embeddable":true,"href":"https:\/\/comtedethun.com\/fr\/wp-json\/wp\/v2\/product_brand?post=5180"},{"taxonomy":"product_cat","embeddable":true,"href":"https:\/\/comtedethun.com\/fr\/wp-json\/wp\/v2\/product_cat?post=5180"},{"taxonomy":"product_tag","embeddable":true,"href":"https:\/\/comtedethun.com\/fr\/wp-json\/wp\/v2\/product_tag?post=5180"}],"curies":[{"name":"wp","href":"https:\/\/api.w.org\/{rel}","templated":true}]}}