{"id":1871,"date":"2021-04-21T14:42:02","date_gmt":"2021-04-21T12:42:02","guid":{"rendered":"http:\/\/wp13864119.server-he.de\/?post_type=product&#038;p=1871"},"modified":"2025-10-27T11:09:49","modified_gmt":"2025-10-27T10:09:49","slug":"chope-le-coq-rouge","status":"publish","type":"product","link":"https:\/\/comtedethun.com\/fr\/produit\/chope-le-coq-rouge\/","title":{"rendered":"Chope le Coq Rouge"},"content":{"rendered":"<p>Assemblage de Cabernet Franc, Merlot et Syrah, ce vin arbore des notes \u00e9pic\u00e9es et de fruits rouges, m\u00eal\u00e9es \u00e0 la fraicheur des tonalit\u00e9s de la garrigue.<br \/>\nCe rouge gourmand accompagnera \u00e0 merveille vos pi\u00e8ces de boeuf grill\u00e9es ou vos crumbles de l\u00e9gumes m\u00e9diterran\u00e9ens.<\/p>\n","protected":false},"excerpt":{"rendered":"<h4><strong>IGP C\u00f4tes du Tarn ROUGE Chope le Coq<\/strong><\/h4>\n<h5><em><strong>Un rouge \u00e0 choper absolument : l\u00e9ger, festif et gourmand.<\/strong><\/em><br \/>\n<em><strong>Une gorg\u00e9e et vous l\u2019avez chop\u00e9 pour de bon !<\/strong><\/em><\/h5>\n<p>Un vin de joie l\u00e9ger, aux tonalit\u00e9s de fruits rouges, domin\u00e9 par la griotte.<br \/>\nSa texture est soyeuse et les notes majeures nous rappellent la m\u00fbre et la cannelle.<br \/>\nLa finale acidul\u00e9e conf\u00e8re une belle longueur en bouche.<\/p>\n","protected":false},"featured_media":5852,"comment_status":"closed","ping_status":"closed","template":"","meta":{"greyd_block_editor_preview":[]},"product_brand":[],"product_cat":[154,39,33],"product_tag":[],"class_list":{"0":"post-1871","1":"product","2":"type-product","3":"status-publish","4":"has-post-thumbnail","6":"product_cat-bestseller","7":"product_cat-chop-le-coq","8":"product_cat-vins-de-joie","10":"first","11":"instock","12":"taxable","13":"shipping-taxable","14":"purchasable","15":"product-type-variable"},"_links":{"self":[{"href":"https:\/\/comtedethun.com\/fr\/wp-json\/wp\/v2\/product\/1871","targetHints":{"allow":["GET"]}}],"collection":[{"href":"https:\/\/comtedethun.com\/fr\/wp-json\/wp\/v2\/product"}],"about":[{"href":"https:\/\/comtedethun.com\/fr\/wp-json\/wp\/v2\/types\/product"}],"replies":[{"embeddable":true,"href":"https:\/\/comtedethun.com\/fr\/wp-json\/wp\/v2\/comments?post=1871"}],"wp:featuredmedia":[{"embeddable":true,"href":"https:\/\/comtedethun.com\/fr\/wp-json\/wp\/v2\/media\/5852"}],"wp:attachment":[{"href":"https:\/\/comtedethun.com\/fr\/wp-json\/wp\/v2\/media?parent=1871"}],"wp:term":[{"taxonomy":"product_brand","embeddable":true,"href":"https:\/\/comtedethun.com\/fr\/wp-json\/wp\/v2\/product_brand?post=1871"},{"taxonomy":"product_cat","embeddable":true,"href":"https:\/\/comtedethun.com\/fr\/wp-json\/wp\/v2\/product_cat?post=1871"},{"taxonomy":"product_tag","embeddable":true,"href":"https:\/\/comtedethun.com\/fr\/wp-json\/wp\/v2\/product_tag?post=1871"}],"curies":[{"name":"wp","href":"https:\/\/api.w.org\/{rel}","templated":true}]}}