{"id":1150,"date":"2019-12-05T15:30:02","date_gmt":"2019-12-05T14:30:02","guid":{"rendered":"http:\/\/wp13864119.server-he.de\/?post_type=product&#038;p=1150"},"modified":"2025-10-27T11:10:13","modified_gmt":"2025-10-27T10:10:13","slug":"la-maze","status":"publish","type":"product","link":"https:\/\/comtedethun.com\/fr\/produit\/la-maze\/","title":{"rendered":"La Maze"},"content":{"rendered":"<p>Un vin tr\u00e8s concentr\u00e9. Le \u00ab\u00a0nez\u00a0\u00bb est d&rsquo;\u00e9pices, de fruits et de notes de sous-bois. Fruit\u00e9 en bouche avec de merveilleux tannins poudr\u00e9s, bien structur\u00e9 et \u00ab\u00a0gourmand\u00a0\u00bb.<\/p>\n","protected":false},"excerpt":{"rendered":"<h4><strong>IGP C\u00f4tes du Tarn ROUGE La Maze &#8211; Merlot<\/strong><\/h4>\n<p>Un vin de caract\u00e8re, \u00e9quilibr\u00e9 et rac\u00e9. Les notes de cassis et de prunes viennent se m\u00ealer \u00e0 des tonalit\u00e9s de sous-bois. En bouche, les tanins sont pr\u00e9sents mais velout\u00e9s, et la trame aromatique r\u00e9v\u00e8le ses touches de cerise noire.<\/p>\n<p>&nbsp;<\/p>\n","protected":false},"featured_media":5854,"comment_status":"closed","ping_status":"closed","template":"","meta":{"greyd_block_editor_preview":[]},"product_brand":[],"product_cat":[40],"product_tag":[],"class_list":{"0":"post-1150","1":"product","2":"type-product","3":"status-publish","4":"has-post-thumbnail","6":"product_cat-selections-parcellaires","8":"first","9":"instock","10":"taxable","11":"shipping-taxable","12":"purchasable","13":"product-type-variable"},"_links":{"self":[{"href":"https:\/\/comtedethun.com\/fr\/wp-json\/wp\/v2\/product\/1150","targetHints":{"allow":["GET"]}}],"collection":[{"href":"https:\/\/comtedethun.com\/fr\/wp-json\/wp\/v2\/product"}],"about":[{"href":"https:\/\/comtedethun.com\/fr\/wp-json\/wp\/v2\/types\/product"}],"replies":[{"embeddable":true,"href":"https:\/\/comtedethun.com\/fr\/wp-json\/wp\/v2\/comments?post=1150"}],"wp:featuredmedia":[{"embeddable":true,"href":"https:\/\/comtedethun.com\/fr\/wp-json\/wp\/v2\/media\/5854"}],"wp:attachment":[{"href":"https:\/\/comtedethun.com\/fr\/wp-json\/wp\/v2\/media?parent=1150"}],"wp:term":[{"taxonomy":"product_brand","embeddable":true,"href":"https:\/\/comtedethun.com\/fr\/wp-json\/wp\/v2\/product_brand?post=1150"},{"taxonomy":"product_cat","embeddable":true,"href":"https:\/\/comtedethun.com\/fr\/wp-json\/wp\/v2\/product_cat?post=1150"},{"taxonomy":"product_tag","embeddable":true,"href":"https:\/\/comtedethun.com\/fr\/wp-json\/wp\/v2\/product_tag?post=1150"}],"curies":[{"name":"wp","href":"https:\/\/api.w.org\/{rel}","templated":true}]}}