{"id":1143,"date":"2019-12-05T14:36:51","date_gmt":"2019-12-05T13:36:51","guid":{"rendered":"http:\/\/wp13864119.server-he.de\/?post_type=product&#038;p=1143"},"modified":"2025-10-27T11:11:13","modified_gmt":"2025-10-27T10:11:13","slug":"la-tarabelle","status":"publish","type":"product","link":"https:\/\/comtedethun.com\/fr\/produit\/la-tarabelle\/","title":{"rendered":"La Tarabelle"},"content":{"rendered":"","protected":false},"excerpt":{"rendered":"<h3><strong>IGP C\u00f4tes du Tarn ROUGE\u00a0 La Tarabelle\u00a0 &#8211;\u00a0 Syrah<\/strong><\/h3>\n<p>La syrah r\u00e9v\u00e8le tout son potentiel sur le plateau calcaire du Cordais. Un vin solaire, aux notes de fruits noirs, de poivre et de cacao intense. La bouche est port\u00e9e par une belle structure tannique, \u00e9l\u00e9gante et velout\u00e9e. La finale est fraiche et longue, aux accents de garrigue et d\u2019eucalyptus.<\/p>\n","protected":false},"featured_media":5855,"comment_status":"closed","ping_status":"closed","template":"","meta":{"greyd_block_editor_preview":[]},"product_brand":[],"product_cat":[40],"product_tag":[],"class_list":{"0":"post-1143","1":"product","2":"type-product","3":"status-publish","4":"has-post-thumbnail","6":"product_cat-selections-parcellaires","8":"first","9":"instock","10":"taxable","11":"shipping-taxable","12":"purchasable","13":"product-type-variable"},"_links":{"self":[{"href":"https:\/\/comtedethun.com\/fr\/wp-json\/wp\/v2\/product\/1143","targetHints":{"allow":["GET"]}}],"collection":[{"href":"https:\/\/comtedethun.com\/fr\/wp-json\/wp\/v2\/product"}],"about":[{"href":"https:\/\/comtedethun.com\/fr\/wp-json\/wp\/v2\/types\/product"}],"replies":[{"embeddable":true,"href":"https:\/\/comtedethun.com\/fr\/wp-json\/wp\/v2\/comments?post=1143"}],"wp:featuredmedia":[{"embeddable":true,"href":"https:\/\/comtedethun.com\/fr\/wp-json\/wp\/v2\/media\/5855"}],"wp:attachment":[{"href":"https:\/\/comtedethun.com\/fr\/wp-json\/wp\/v2\/media?parent=1143"}],"wp:term":[{"taxonomy":"product_brand","embeddable":true,"href":"https:\/\/comtedethun.com\/fr\/wp-json\/wp\/v2\/product_brand?post=1143"},{"taxonomy":"product_cat","embeddable":true,"href":"https:\/\/comtedethun.com\/fr\/wp-json\/wp\/v2\/product_cat?post=1143"},{"taxonomy":"product_tag","embeddable":true,"href":"https:\/\/comtedethun.com\/fr\/wp-json\/wp\/v2\/product_tag?post=1143"}],"curies":[{"name":"wp","href":"https:\/\/api.w.org\/{rel}","templated":true}]}}