{"id":5603,"date":"2024-12-31T14:40:36","date_gmt":"2024-12-31T13:40:36","guid":{"rendered":"https:\/\/comtedethun.com\/fr\/?page_id=5603"},"modified":"2025-10-27T11:43:59","modified_gmt":"2025-10-27T10:43:59","slug":"oenotourisme","status":"publish","type":"page","link":"https:\/\/comtedethun.com\/fr\/oenotourisme\/","title":{"rendered":"Oenotourisme"},"content":{"rendered":"\n<p><\/p>\n\n\n\n<div class=\"wp-block-cover has-custom-content-position is-position-bottom-center has-color-62-color has-text-color has-link-color wp-elements-46f21eff0a850bb208fe983c3aa63c5b\" style=\"min-height:450px;aspect-ratio:unset;\"><img loading=\"lazy\" decoding=\"async\" width=\"1920\" height=\"460\" class=\"wp-block-cover__image-background wp-image-4668\" alt=\"\" src=\"https:\/\/comtedethun.com\/fr\/wp-content\/uploads\/2024\/01\/eingang.jpg\" data-object-fit=\"cover\" srcset=\"https:\/\/comtedethun.com\/fr\/wp-content\/uploads\/2024\/01\/eingang.jpg 1920w, https:\/\/comtedethun.com\/fr\/wp-content\/uploads\/2024\/01\/eingang-300x72.jpg 300w, https:\/\/comtedethun.com\/fr\/wp-content\/uploads\/2024\/01\/eingang-1024x245.jpg 1024w, https:\/\/comtedethun.com\/fr\/wp-content\/uploads\/2024\/01\/eingang-768x184.jpg 768w, https:\/\/comtedethun.com\/fr\/wp-content\/uploads\/2024\/01\/eingang-1536x368.jpg 1536w, https:\/\/comtedethun.com\/fr\/wp-content\/uploads\/2024\/01\/eingang-900x216.jpg 900w, https:\/\/comtedethun.com\/fr\/wp-content\/uploads\/2024\/01\/eingang-1200x288.jpg 1200w\" sizes=\"auto, (max-width: 1920px) 100vw, 1920px\" \/><span aria-hidden=\"true\" class=\"wp-block-cover__background has-color-31-background-color has-background-dim-20 has-background-dim\"><\/span><div class=\"wp-block-cover__inner-container is-layout-constrained wp-block-cover-is-layout-constrained\"><div  class=\"gs_5zz67r row_wrap\">\n<div class=\"wp-block-columns row_xxl is-layout-flex wp-container-core-columns-is-layout-9d6595d7 wp-block-columns-is-layout-flex\">\n<div class=\"wp-block-column col-12 col-sm-auto is-layout-flow wp-block-column-is-layout-flow\">\n<h1 class=\"wp-block-heading has-text-align-center gs_No5lwQ\"><span data-tag=\"title\" data-params=\"\" class=\"is-tag\">Post Titel<\/span><\/h1>\n\n\n\n<p><\/p>\n<\/div>\n<\/div>\n<\/div>\n\n\n<div class=\"wp-block-buttons is-layout-flex wp-block-buttons-is-layout-flex\">\n<div id=\"greyd-69e509c262ab3\" class=\"wp-block-button is-style-prim\"><a class=\"wp-block-button__link wp-element-button\" href=\"#accueil-caveau\">Accueil au caveau<\/a><\/div>\n\n\n\n<div id=\"greyd-69e509c262b0f\" class=\"wp-block-button\"><a class=\"wp-block-button__link wp-element-button\" href=\"#visites-domaine\">Les visites du domaine<\/a><\/div>\n\n\n\n<div id=\"greyd-69e509c262b4e\" class=\"wp-block-button\"><a class=\"wp-block-button__link wp-element-button\" href=\"#balade\">Balade vigneronne et pause pique nique<\/a><\/div>\n\n\n\n<div id=\"greyd-69e509c262b87\" class=\"wp-block-button\"><a class=\"wp-block-button__link wp-element-button\" href=\"#s\u00e9jour-villa\">S\u00e9journer \u00e0 la Villa Thun<\/a><\/div>\n\n\n\n<div id=\"greyd-69e509c262bc0\" class=\"wp-block-button\"><a class=\"wp-block-button__link wp-element-button\" href=\"#acc-groupe\">Accueil de groupes et s\u00e9minaires<\/a><\/div>\n<\/div>\n<\/div><\/div>\n\n\n\n<p><\/p>\n\n\n\n<div class=\"wp-block-media-text has-media-on-the-right is-stacked-on-mobile is-image-fill-element has-color-23-background-color has-background\" id=\"accueil-caveau\"><div class=\"wp-block-media-text__content\">\n<div id=\"greyd-69e509c263345\" class=\"wp-block-greyd-box gs_aPvFN1 greyd-content-box gs_aPvFN1 flex-justify-center\">\n<h2 class=\"wp-block-heading\"><strong>Accueil au caveau<\/strong><\/h2>\n\n\n\n<p>Nous serons heureux de vous recevoir \u00e0 \u00ab\u00a0La boutique\u00a0\u00bb du Domaine du Comte de Thun, \u00e0 Frausseilles, pour vous faire d\u00e9couvrir les vins du domaine.\u2002Vous pourrez \u00e9galement y retrouver une s\u00e9lection de produits du terroir, des produits de qualit\u00e9 choisis avec soin chez nos amis producteurs de la r\u00e9gion.<\/p>\n\n\n\n<p><\/p>\n\n\n\n<p><em>Le caveau de d\u00e9gustation est g\u00e9n\u00e9ralement ouvert du lundi au vendredi de 9h30 \u00e0 12h30 et de 14h \u00e0 18h<\/em>.<\/p>\n\n\n\n<p><em>Pour toute demande de visite en dehors de ces horaires, ou pour v\u00e9rifier notre disponibilit\u00e9, n&rsquo;h\u00e9sitez pas \u00e0 nous contacter avant de passer au 05.63.56.14.02 <\/em><\/p>\n\n\n\n<p><\/p>\n\n\n\n<p>Plus d&rsquo;infos :<\/p>\n\n\n\n<div class=\"wp-block-buttons is-layout-flex wp-block-buttons-is-layout-flex\">\n<div id=\"greyd-69e509c26324d\" class=\"wp-block-button is-style-sec has-trigger\"><a class=\"hidden-trigger-link\"  href=\"https:\/\/www.google.com\/search?sca_esv=98651d259623c413&amp;authuser=0&amp;hl=fr&amp;gl=fr&amp;output=search&amp;q=Domaine+Du+Comte+de+Thun&amp;ludocid=9801227798936236230&amp;lsig=AB86z5URnUbQgUYRK2T83vllI5W2&amp;ved=1i%3A5%2Ct%3A109124%2Ce%3A4%2Cp%3A3cSgZ_W2OraKkdUPtoDvwQ0%3A55\" target=\"_blank\"><\/a><a class=\"wp-block-button__link wp-element-button\">Cliquez ici<\/a><\/div>\n<\/div>\n<\/div>\n<\/div><figure class=\"wp-block-media-text__media\"><img loading=\"lazy\" decoding=\"async\" width=\"616\" height=\"462\" src=\"https:\/\/comtedethun.com\/fr\/wp-content\/uploads\/2023\/05\/Image-37.jpg\" alt=\"\" class=\"wp-image-4944 size-full\" style=\"object-position:50% 50%\" srcset=\"https:\/\/comtedethun.com\/fr\/wp-content\/uploads\/2023\/05\/Image-37.jpg 616w, https:\/\/comtedethun.com\/fr\/wp-content\/uploads\/2023\/05\/Image-37-300x225.jpg 300w, https:\/\/comtedethun.com\/fr\/wp-content\/uploads\/2023\/05\/Image-37-100x75.jpg 100w\" sizes=\"auto, (max-width: 616px) 100vw, 616px\" \/><\/figure><\/div>\n\n\n\n<div class=\"wp-block-media-text is-stacked-on-mobile is-image-fill-element has-color-23-background-color has-background\" id=\"visites-domaine\"><figure class=\"wp-block-media-text__media\"><img loading=\"lazy\" decoding=\"async\" width=\"1024\" height=\"488\" src=\"https:\/\/comtedethun.com\/fr\/wp-content\/uploads\/2024\/12\/228A6446-43D6-4E21-ADE8-44C5E72AD588-e1761556949371-1024x488.jpeg\" alt=\"\" class=\"wp-image-5824 size-full\" style=\"object-position:50% 50%\" srcset=\"https:\/\/comtedethun.com\/fr\/wp-content\/uploads\/2024\/12\/228A6446-43D6-4E21-ADE8-44C5E72AD588-e1761556949371-1024x488.jpeg 1024w, https:\/\/comtedethun.com\/fr\/wp-content\/uploads\/2024\/12\/228A6446-43D6-4E21-ADE8-44C5E72AD588-e1761556949371-300x143.jpeg 300w, https:\/\/comtedethun.com\/fr\/wp-content\/uploads\/2024\/12\/228A6446-43D6-4E21-ADE8-44C5E72AD588-e1761556949371-768x366.jpeg 768w, https:\/\/comtedethun.com\/fr\/wp-content\/uploads\/2024\/12\/228A6446-43D6-4E21-ADE8-44C5E72AD588-e1761556949371-1536x732.jpeg 1536w, https:\/\/comtedethun.com\/fr\/wp-content\/uploads\/2024\/12\/228A6446-43D6-4E21-ADE8-44C5E72AD588-e1761556949371-900x429.jpeg 900w, https:\/\/comtedethun.com\/fr\/wp-content\/uploads\/2024\/12\/228A6446-43D6-4E21-ADE8-44C5E72AD588-e1761556949371-1200x572.jpeg 1200w, https:\/\/comtedethun.com\/fr\/wp-content\/uploads\/2024\/12\/228A6446-43D6-4E21-ADE8-44C5E72AD588-e1761556949371.jpeg 1540w\" sizes=\"auto, (max-width: 1024px) 100vw, 1024px\" \/><\/figure><div class=\"wp-block-media-text__content\">\n<div id=\"greyd-69e509c2634df\" class=\"wp-block-greyd-box gs_PqGkhS greyd-content-box gs_PqGkhS flex-justify-center\">\n<h2 class=\"wp-block-heading\"><strong>Les visites de domaine<\/strong><\/h2>\n\n\n\n<p>Une visite priv\u00e9e du domaine, \u00e7a vous tente? Laure, Caroline ou Eric vous feront d\u00e9couvrir avec plaisir les chais du domaine, l&rsquo;histoire du ch\u00e2teau et partagerons la passion de leur m\u00e9tier. Une visite qui se terminera obligatoirement par une d\u00e9gustation de nos vins, accompagn\u00e9e de quelques grignotages, \u00e0 l&rsquo;ombre fraiche de la b\u00e2tisse en \u00e9t\u00e9 ou au coin du feu dans notre magnifique salle de d\u00e9gustation en hiver.<\/p>\n\n\n\n<p><\/p>\n\n\n\n<p><em>Tarifs: 5\u20ac par personne, gratuit pour les enfants, r\u00e9servation obligatoire au moins 48h \u00e0 l&rsquo;avance par t\u00e9l\u00e9phone au 05.63.56.14.02 <\/em><\/p>\n<\/div>\n<\/div><\/div>\n\n\n\n<div class=\"wp-block-media-text has-media-on-the-right is-stacked-on-mobile is-image-fill-element has-color-23-background-color has-background\" id=\"balade\"><div class=\"wp-block-media-text__content\">\n<div id=\"greyd-69e509c263752\" class=\"wp-block-greyd-box gs_K8wrkj greyd-content-box gs_K8wrkj flex-justify-center\">\n<h2 class=\"wp-block-heading\"><strong>Balade vigneronne et pause pique nique<\/strong><\/h2>\n\n\n\n<p><\/p>\n\n\n\n<p>Au d\u00e9part du domaine, plusieurs itin\u00e9raires s&rsquo;offrent \u00e0 vous. Nos circuits balis\u00e9s vous m\u00e8neront \u00e0 travers vignes et bosquets, et vous aurez un aper\u00e7u de la beaut\u00e9 de nos paysages du plateau cordais, chaque saison d\u00e9ployant son lot de couleurs et de senteurs typiques.<\/p>\n\n\n\n<p> \u00ab\u00a0La Maze\u00a0\u00bb: 2,5 km au milieu des vignes<\/p>\n\n\n\n<p> \u00ab\u00a0La Saint Andr\u00e9\u00a0\u00bb : 5 km, entre vignes et bosquets, vous tomberez au d\u00e9tour du chemin sur l&rsquo;\u00e9glise romane Saint Andr\u00e9, datant du XIII\u00e8me si\u00e8cle.<\/p>\n\n\n\n<p> \u00ab\u00a0La longue marche\u00a0\u00bb : 7 km \u00e0 serpenter entre les vignes et les ch\u00eanes truffiers du plateau. Vous passerez \u00e9galement par l&rsquo;\u00e9glise Saint Andr\u00e9 et pourrez profiter d&rsquo;une pause rafraichissante \u00e0 l&rsquo;ombre de ces pierres \u00e0 la mi-parcours.<\/p>\n\n\n\n<p><\/p>\n\n\n\n<p>Si vous le souhaitez, nous pouvons vous pr\u00e9parer un panier pique-nique qui sera mis \u00e0 votre disposition au point de ravitaillement \u00ab\u00a0La Cabane\u00a0\u00bb, un lieu magique nich\u00e9 au milieu de nos vignes. Vous y trouverez tout le mobilier n\u00e9cessaire \u00e0 une pause bien m\u00e9rit\u00e9e, et pourrez d\u00e9guster une s\u00e9lection de nos vins et de produits fermiers locaux. <\/p>\n\n\n\n<p><\/p>\n\n\n\n<p><em>Tarif panier pique nique pour 2-3 personnes : 35\u20ac , compos\u00e9 d&rsquo;une tapenade, d&rsquo;un pat\u00e9, d&rsquo;un fromage et de pain + bouteille de vin au choix blanc, ros\u00e9 ou rouge) <\/em><\/p>\n\n\n\n<p><em>R\u00e9servation obligatoire au moins 48h \u00e0 l&rsquo;avance par t\u00e9l\u00e9phone au 05.63.56.14.02 <\/em><\/p>\n<\/div>\n<\/div><figure class=\"wp-block-media-text__media\"><img loading=\"lazy\" decoding=\"async\" width=\"1024\" height=\"768\" src=\"https:\/\/comtedethun.com\/fr\/wp-content\/uploads\/2025\/01\/FullSizeRender-1024x768.jpeg\" alt=\"\" class=\"wp-image-5684 size-full\" style=\"object-position:50% 50%\" srcset=\"https:\/\/comtedethun.com\/fr\/wp-content\/uploads\/2025\/01\/FullSizeRender-1024x768.jpeg 1024w, https:\/\/comtedethun.com\/fr\/wp-content\/uploads\/2025\/01\/FullSizeRender-300x225.jpeg 300w, https:\/\/comtedethun.com\/fr\/wp-content\/uploads\/2025\/01\/FullSizeRender-768x576.jpeg 768w, https:\/\/comtedethun.com\/fr\/wp-content\/uploads\/2025\/01\/FullSizeRender-1536x1152.jpeg 1536w, https:\/\/comtedethun.com\/fr\/wp-content\/uploads\/2025\/01\/FullSizeRender-2048x1536.jpeg 2048w, https:\/\/comtedethun.com\/fr\/wp-content\/uploads\/2025\/01\/FullSizeRender-900x675.jpeg 900w, https:\/\/comtedethun.com\/fr\/wp-content\/uploads\/2025\/01\/FullSizeRender-1200x900.jpeg 1200w\" sizes=\"auto, (max-width: 1024px) 100vw, 1024px\" \/><\/figure><\/div>\n\n\n\n<div class=\"wp-block-media-text is-stacked-on-mobile is-image-fill-element has-color-23-background-color has-background\" id=\"s\u00e9jour-villa\"><figure class=\"wp-block-media-text__media\"><img decoding=\"async\" src=\"https:\/\/comtedethun.com\/fr\/wp-content\/uploads\/2025\/10\/Villa-Thun-piscine-1024x683.webp\" alt=\"Villa Thun\" class=\"wp-image-5841 size-full\" style=\"object-position:50% 50%\"\/><\/figure><div class=\"wp-block-media-text__content\">\n<div id=\"greyd-69e509c263931\" class=\"wp-block-greyd-box gs_Geygvq greyd-content-box gs_Geygvq flex-justify-center\">\n<h2 class=\"wp-block-heading\"><strong>S\u00e9journer \u00e0 la Villa Thun<\/strong><\/h2>\n\n\n\n<p><\/p>\n\n\n\n<p>Nich\u00e9e au c\u0153ur des vignes du Domaine du Comte de Thun, la Villa Thun vous ouvre ses portes en Occitanie, dans le Tarn, entre Gaillac et Cordes-sur-Ciel, \u00e0 1 heure de l&rsquo;a\u00e9roport international de Toulouse-Blagnac.<\/p>\n\n\n\n<p>L&#8217;emplacement de la maison est id\u00e9al pour rayonner et visiter le Plateau Cordais et le Pays des Bastides, d\u00e9couvrir les villages perch\u00e9s de la r\u00e9gion et la Cit\u00e9 Episcopale d\u2019Albi class\u00e9e au Patrimoine mondial de l\u2019UNESCO. Vous serez s\u00e9duits par ces paysages typiques de la toscane Occitane, o\u00f9 les sentiers caillouteux serpentent au milieux des vignes et des bosquets. Au d\u00e9part de la Villa, de nombreuses excursions s&rsquo;offrent \u00e0 vous, que ce soit pour d\u00e9couvrir les sentiers de randonn\u00e9e, visiter le domaine viticole du Comte de Thun et sa boutique ou simplement vous d\u00e9tendre faces aux paysages du plateau cordais.<br><br>Une attention toute particuli\u00e8re a \u00e9t\u00e9 port\u00e9e \u00e0 la r\u00e9novation de cette superbe maison de maitre, alliant le charme de l&rsquo;ancien et le confort moderne, tout en mettant en valeurs des mat\u00e9riaux de qualit\u00e9. Id\u00e9ale pour les amoureux de la nature, les passionn\u00e9es de vin et les voyageurs en qu\u00eate de s\u00e9r\u00e9nit\u00e9.<\/p>\n\n\n\n<p>Cinq chambres spacieuses et confortables seront \u00e0 votre disposition lors de votre s\u00e9jour dans cette \u00e9l\u00e9gante maison de campagne, chacune \u00e9quip\u00e9e d&rsquo;une grande salle d&rsquo;eau avec douche et WC, chauffage au sol, peignoirs et serviettes de bain. La piscine, accessible de juin \u00e0 septembre, les terrasses, les salons, le bar seront le cadre d&rsquo;un s\u00e9jour au calme, ressour\u00e7ant et divertissant.<br><br><br>Un aper\u00e7u de la maison :<br>Rez-de-chauss\u00e9e : belle cuisine toute \u00e9quip\u00e9e, salle \u00e0 manger lumineuse et conviviale, salon spacieux avec chemin\u00e9e, biblioth\u00e8que et grande table \u00e0 manger.<\/p>\n\n\n\n<p>Les cinq suites :<\/p>\n\n\n\n<p>\u2022Chambre Pinot Noir, au rez-de-chauss\u00e9e, lit 160&#215;200 cm.<br>\u2022Chambre Merlot (27m\u00b2), avec une terrasse priv\u00e9e orient\u00e9 au sud \/ ouest. Belle vue sur le jardin, lit 200&#215;200 cm.<br>\u2022Chambre S\u00e9millon (24m\u00b2), jolie vue sur le jardin avant, lit 200x200cm.<br>\u2022Chambre Cabernet Franc (35m\u00b2), belle vue sur le Ch\u00e2teau de Frausseilles, lit 240&#215;200 cm.<br>\u2022Chambre Syrah (29m\u00b2) offre \u00e9galement une belle vue sur le Ch\u00e2teau de Frausseilles, le Domaine du Comte de Thun, la chambre est orient\u00e9e \u00e0 l&rsquo;est. Lit 220&#215;200 cm.<br><br>Piscine privative, 12&#215;5,5m, profondeur 1,60m sans vis-\u00e0-vis<\/p>\n<\/div>\n\n\n\n<div class=\"wp-block-buttons is-layout-flex wp-block-buttons-is-layout-flex\">\n<div id=\"greyd-69e509c26397b\" class=\"wp-block-button has-trigger\"><a class=\"hidden-trigger-link\"  href=\"https:\/\/www.airbnb.fr\/rooms\/989027286882085377?source_impression_id=p3_1738589768_P3Aze3GmqqoCFBse\" target=\"_blank\"><\/a><a class=\"wp-block-button__link wp-element-button\" href=\"https:\/\/reservations.mapetitetoscane.com\/location\/villa-frausseilles-villa-thun-539707.html\">R\u00e9servez la Villa Thun<\/a><\/div>\n<\/div>\n<\/div><\/div>\n\n\n\n<div class=\"wp-block-media-text has-media-on-the-right is-stacked-on-mobile is-image-fill-element has-color-23-background-color has-background\" id=\"acc-groupe\"><div class=\"wp-block-media-text__content\">\n<div id=\"greyd-69e509c263cdf\" class=\"wp-block-greyd-box gs_QU1T2J greyd-content-box gs_QU1T2J flex-justify-center\">\n<h2 class=\"wp-block-heading\"><strong>Accueil de groupes et s\u00e9minaires<\/strong><\/h2>\n\n\n\n<p>Situ\u00e9&nbsp;\u00e0 <strong>1 h de Toulouse,<\/strong> <strong>\u00e0 30 minutes d&rsquo;Albi , 20 minutes de Gaillac et 5 minutes de Cordes sur Ciel<\/strong>, le Domaine du Comte de Thun est le lieu&nbsp;id\u00e9al <strong>pour l&rsquo;organisation de votre<\/strong>\u2002<strong>prochain s\u00e9minaire d&rsquo;entreprise, team building ou vos formations<\/strong>. Offrez \u00e0 votre \u00e9quipe une bulle d&rsquo;oxyg\u00e8ne dans cet \u00e9crin de verdure et de pierres, le temps d&rsquo;une journ\u00e9e ou plus. <\/p>\n\n\n\n<p>Vous trouverez au domaine tout le confort et les \u00e9quipements n\u00e9cessaires pour vos collaborateurs (\u00e9quipements audio, projection&#8230;) dans une salle au charme ancien, \u00e9quip\u00e9e d&rsquo;un po\u00eale \u00e0 bois pour des sessions de travail productives et chaleureuses. <\/p>\n\n\n\n<p><\/p>\n\n\n\n<p>Entre deux s\u00e9ances de travail ou pour clore votre s\u00e9jour, profitez de nos animations (balade vigneronne, pique nique fermier, initiation \u00e0 la d\u00e9gustation) et terminez en beaut\u00e9 avec une d\u00e9gustation des vins du domaine. <\/p>\n\n\n\n<p><\/p>\n\n\n\n<p>Nous travaillons en partenariat avec des traiteurs locaux qui sauront vous r\u00e9galer et vous proposer la formule adapt\u00e9e \u00e0 vos envies et vos besoins, n&rsquo;h\u00e9sitez pas \u00e0 nous en parlez, nous saurons \u00e0 coup s\u00fbr satisfaire les papilles aiguis\u00e9es et estomacs affam\u00e9s de vos co\u00e9quipiers.<\/p>\n\n\n\n<p><\/p>\n\n\n\n<p>Si vous souhaitez prolonger l&rsquo;exp\u00e9rience et passer la nuit au domaine, n&rsquo;h\u00e9sitez pas \u00e0 profiter de notre \u00ab\u00a0Villa Thun\u00a0\u00bb, pouvant accueillir jusqu&rsquo;\u00e0 10 personnes. Nous pouvons \u00e9galement vous mettre en relation avec d&rsquo;autres gites d&rsquo;accueil de groupes ou chambres d&rsquo;h\u00f4tes de la r\u00e9gion.<\/p>\n\n\n\n<p><\/p>\n\n\n\n<p>Vous souhaitez organiser votre \u00e9v\u00e8nement au domaine, contactez nous pour plus de renseignements :<\/p>\n\n\n\n<ul class=\"wp-block-list\">\n<li>05 63 56 14 02 <\/li>\n\n\n\n<li>shop@comtedethun.com<\/li>\n<\/ul>\n<\/div>\n<\/div><figure class=\"wp-block-media-text__media\"><img loading=\"lazy\" decoding=\"async\" width=\"1024\" height=\"933\" src=\"https:\/\/comtedethun.com\/fr\/wp-content\/uploads\/2024\/12\/6256728C-5367-43BF-AEDD-4C41D3168499-scaled-e1761557409565-1024x933.jpg\" alt=\"\" class=\"wp-image-5830 size-full\" style=\"object-position:50% 50%\" srcset=\"https:\/\/comtedethun.com\/fr\/wp-content\/uploads\/2024\/12\/6256728C-5367-43BF-AEDD-4C41D3168499-scaled-e1761557409565-1024x933.jpg 1024w, https:\/\/comtedethun.com\/fr\/wp-content\/uploads\/2024\/12\/6256728C-5367-43BF-AEDD-4C41D3168499-scaled-e1761557409565-300x273.jpg 300w, https:\/\/comtedethun.com\/fr\/wp-content\/uploads\/2024\/12\/6256728C-5367-43BF-AEDD-4C41D3168499-scaled-e1761557409565-768x700.jpg 768w, https:\/\/comtedethun.com\/fr\/wp-content\/uploads\/2024\/12\/6256728C-5367-43BF-AEDD-4C41D3168499-scaled-e1761557409565-900x820.jpg 900w, https:\/\/comtedethun.com\/fr\/wp-content\/uploads\/2024\/12\/6256728C-5367-43BF-AEDD-4C41D3168499-scaled-e1761557409565-1200x1093.jpg 1200w, https:\/\/comtedethun.com\/fr\/wp-content\/uploads\/2024\/12\/6256728C-5367-43BF-AEDD-4C41D3168499-scaled-e1761557409565.jpg 1284w\" sizes=\"auto, (max-width: 1024px) 100vw, 1024px\" \/><\/figure><\/div>\n","protected":false},"excerpt":{"rendered":"","protected":false},"author":6,"featured_media":0,"parent":0,"menu_order":0,"comment_status":"closed","ping_status":"closed","template":"","meta":{"greyd_block_editor_preview":[],"footnotes":""},"class_list":["post-5603","page","type-page","status-publish","hentry"],"_links":{"self":[{"href":"https:\/\/comtedethun.com\/fr\/wp-json\/wp\/v2\/pages\/5603","targetHints":{"allow":["GET"]}}],"collection":[{"href":"https:\/\/comtedethun.com\/fr\/wp-json\/wp\/v2\/pages"}],"about":[{"href":"https:\/\/comtedethun.com\/fr\/wp-json\/wp\/v2\/types\/page"}],"author":[{"embeddable":true,"href":"https:\/\/comtedethun.com\/fr\/wp-json\/wp\/v2\/users\/6"}],"replies":[{"embeddable":true,"href":"https:\/\/comtedethun.com\/fr\/wp-json\/wp\/v2\/comments?post=5603"}],"version-history":[{"count":20,"href":"https:\/\/comtedethun.com\/fr\/wp-json\/wp\/v2\/pages\/5603\/revisions"}],"predecessor-version":[{"id":5864,"href":"https:\/\/comtedethun.com\/fr\/wp-json\/wp\/v2\/pages\/5603\/revisions\/5864"}],"wp:attachment":[{"href":"https:\/\/comtedethun.com\/fr\/wp-json\/wp\/v2\/media?parent=5603"}],"curies":[{"name":"wp","href":"https:\/\/api.w.org\/{rel}","templated":true}]}}