{"id":5108,"date":"2022-08-01T06:05:36","date_gmt":"2022-08-01T04:05:36","guid":{"rendered":"https:\/\/comtedethun.com\/?page_id=5108"},"modified":"2024-08-29T10:00:45","modified_gmt":"2024-08-29T08:00:45","slug":"comment-nous-trouver","status":"publish","type":"page","link":"https:\/\/comtedethun.com\/fr\/comment-nous-trouver\/","title":{"rendered":"Comment nous trouver"},"content":{"rendered":"\n<div class=\"wp-block-cover has-custom-content-position is-position-bottom-center has-color-62-color has-text-color has-link-color wp-elements-f2ab3134e957164bd557ed010bdee4d1\" style=\"min-height:450px;aspect-ratio:unset;\"><span aria-hidden=\"true\" class=\"wp-block-cover__background has-color-31-background-color has-background-dim-10 has-background-dim\"><\/span><img loading=\"lazy\" decoding=\"async\" width=\"1920\" height=\"460\" class=\"wp-block-cover__image-background wp-image-3006\" alt=\"\" src=\"https:\/\/comtedethun.com\/fr\/wp-content\/uploads\/2022\/08\/DJI_0253\u00a92020_BVG_MaierDominik-1.jpg\" data-object-fit=\"cover\" srcset=\"https:\/\/comtedethun.com\/fr\/wp-content\/uploads\/2022\/08\/DJI_0253\u00a92020_BVG_MaierDominik-1.jpg 1920w, https:\/\/comtedethun.com\/fr\/wp-content\/uploads\/2022\/08\/DJI_0253\u00a92020_BVG_MaierDominik-1-900x216.jpg 900w, https:\/\/comtedethun.com\/fr\/wp-content\/uploads\/2022\/08\/DJI_0253\u00a92020_BVG_MaierDominik-1-1200x288.jpg 1200w, https:\/\/comtedethun.com\/fr\/wp-content\/uploads\/2022\/08\/DJI_0253\u00a92020_BVG_MaierDominik-1-300x72.jpg 300w, https:\/\/comtedethun.com\/fr\/wp-content\/uploads\/2022\/08\/DJI_0253\u00a92020_BVG_MaierDominik-1-1024x245.jpg 1024w, https:\/\/comtedethun.com\/fr\/wp-content\/uploads\/2022\/08\/DJI_0253\u00a92020_BVG_MaierDominik-1-768x184.jpg 768w, https:\/\/comtedethun.com\/fr\/wp-content\/uploads\/2022\/08\/DJI_0253\u00a92020_BVG_MaierDominik-1-1536x368.jpg 1536w, https:\/\/comtedethun.com\/fr\/wp-content\/uploads\/2022\/08\/DJI_0253\u00a92020_BVG_MaierDominik-1-100x24.jpg 100w\" sizes=\"auto, (max-width: 1920px) 100vw, 1920px\" \/><div class=\"wp-block-cover__inner-container is-layout-constrained wp-block-cover-is-layout-constrained\"><div  class=\"gs_9PnLJQ row_wrap\">\n<div class=\"wp-block-columns row_xxl is-layout-flex wp-container-core-columns-is-layout-9d6595d7 wp-block-columns-is-layout-flex\">\n<div class=\"wp-block-column col-12 col-sm-auto is-layout-flow wp-block-column-is-layout-flow\">\n<h1 class=\"has-text-align-center wp-block-heading gs_l6odEQ\"><span data-tag=\"title\" data-params=\"\" class=\"is-tag\">Post Titel<\/span><\/h1>\n<\/div>\n<\/div>\n<\/div><\/div><\/div>\n\n\n\n<div id=\"greyd-69fc9993345a4\" class=\"wp-block-greyd-box gs_o9VDRK greyd-content-box gs_o9VDRK\" style=\"margin-right: auto !important; margin-left: auto !important; \"><div  class=\"gs_fywI4m row_wrap\">\n<div class=\"wp-block-columns row_xxl is-layout-flex wp-container-core-columns-is-layout-9d6595d7 wp-block-columns-is-layout-flex\">\n<div class=\"wp-block-column col-12 col-sm-auto is-layout-flow wp-block-column-is-layout-flow\">\n<h2 class=\"has-text-align-center wp-block-heading\">Venez nous rendre visite<\/h2>\n\n\n\n<p class=\"has-text-align-center gs_KX6Fr0\">Vous souhaitez vous faire une id\u00e9e personnelle du Comte de Thun ? Nous vous invitons \u00e0 nous rendre visite \u00e0 tout moment.<\/p>\n\n\n<div  class=\"row_wrap\">\n<div class=\"wp-block-columns row_xxl is-layout-flex wp-container-core-columns-is-layout-9d6595d7 wp-block-columns-is-layout-flex\">\n<div class=\"wp-block-column col-12 col-sm-auto is-layout-flow wp-block-column-is-layout-flow\">\n<div class=\"wp-block-group\"><div class=\"wp-block-group__inner-container is-layout-constrained wp-block-group-is-layout-constrained\">\n<h3 class=\"has-text-align-center has-h-5-font-size wp-block-heading\">Au Domaine<\/h3>\n\n\n\n<p class=\"has-text-align-center\">Domaine du Comte de Thun&nbsp;<br>F-81170 Frausseilles<\/p>\n\n\n\n<div id=\"greyd-69fc999333df2\" class=\"wp-block-greyd-box gs_zjFXzk greyd-content-box gs_zjFXzk\" style=\"margin-right: auto !important; margin-left: auto !important; \">\n<ul class=\"wp-block-greyd-list alignleft greyd-liste-link\" id=\"list_69fc999333d7d\">\n<li><span class=\"list_icon icon_phone\" aria-hidden=\"true\"><\/span><span class=\"list_content\"><p><a href=\"tel:+0033609891408\">00 33 \u2013 609 89 14 08<\/a><\/p><\/span><\/li>\n\n\n\n<li><span class=\"list_icon icon_mail\" aria-hidden=\"true\"><\/span><span class=\"list_content\"><p><a href=\"mailto:shop@comtedethun.com\">shop@comtedethun.com<\/a><\/p><\/span><\/li>\n\n\n\n<li><span class=\"list_icon icon_compass\" aria-hidden=\"true\"><\/span><span class=\"list_content\"><p><a href=\"https:\/\/www.google.de\/maps\/place\/SCEA+Du+Domaine+Du+Comte+de+Thun\/@44.0282745,1.9270479,17z\/data=!3m1!4b1!4m6!3m5!1s0x12adc913370d4599:0x8804f4c1064730c6!8m2!3d44.0282707!4d1.9296282!16s%2Fg%2F1vc8lhzw?entry=ttu\" target=\"_blank\" rel=\"noreferrer noopener\">Plan d\u2019acc\u00e8s<\/a> <a href=\"https:\/\/www.google.de\/maps\/place\/SCEA+Du+Domaine+Du+Comte+de+Thun\/@44.0282745,1.9270479,17z\/data=!3m1!4b1!4m6!3m5!1s0x12adc913370d4599:0x8804f4c1064730c6!8m2!3d44.0282707!4d1.9296282!16s%2Fg%2F1vc8lhzw?entry=ttu\" target=\"_blank\" rel=\"noreferrer noopener\">\u2013 Google Maps<\/a><\/p><\/span><\/li>\n<\/ul>\n<\/div>\n<\/div><\/div>\n<\/div>\n\n\n\n<div class=\"wp-block-column col-12 col-sm-auto is-layout-flow wp-block-column-is-layout-flow\">\n<div class=\"wp-block-group\"><div class=\"wp-block-group__inner-container is-layout-constrained wp-block-group-is-layout-constrained\">\n<h3 class=\"has-text-align-center has-h-5-font-size wp-block-heading\">Villa Thun<\/h3>\n\n\n<figure style=\"\" class=\"wp-block-image greyd-image  aligncenter gs_Zavg8M\"><img decoding=\"async\" src=\"https:\/\/comtedethun.com\/fr\/wp-content\/uploads\/2024\/02\/villa-thun-logo.svg\" class=\"wp-image-5323\" alt=\"villa-thun-logo\" \/><\/figure>\n\n\n<div id=\"greyd-69fc999334346\" class=\"wp-block-greyd-box gs_sxoY3D greyd-content-box gs_sxoY3D\" style=\"margin-right: auto !important; margin-left: auto !important; \">\n<ul class=\"wp-block-greyd-list alignleft greyd-liste-link\" id=\"list_69fc9993342e8\">\n<li><span class=\"list_icon icon_mail\" aria-hidden=\"true\"><\/span><span class=\"list_content\"><p><a href=\"villathun@comtedethun.com\">villathun@comtedethun.com<\/a><\/p><\/span><\/li>\n<\/ul>\n<\/div>\n<\/div><\/div>\n<\/div>\n<\/div>\n<\/div><\/div>\n<\/div>\n<\/div><\/div>\n","protected":false},"excerpt":{"rendered":"","protected":false},"author":252,"featured_media":0,"parent":0,"menu_order":0,"comment_status":"closed","ping_status":"closed","template":"","meta":{"greyd_block_editor_preview":[],"footnotes":""},"class_list":["post-5108","page","type-page","status-publish","hentry"],"_links":{"self":[{"href":"https:\/\/comtedethun.com\/fr\/wp-json\/wp\/v2\/pages\/5108","targetHints":{"allow":["GET"]}}],"collection":[{"href":"https:\/\/comtedethun.com\/fr\/wp-json\/wp\/v2\/pages"}],"about":[{"href":"https:\/\/comtedethun.com\/fr\/wp-json\/wp\/v2\/types\/page"}],"author":[{"embeddable":true,"href":"https:\/\/comtedethun.com\/fr\/wp-json\/wp\/v2\/users\/252"}],"replies":[{"embeddable":true,"href":"https:\/\/comtedethun.com\/fr\/wp-json\/wp\/v2\/comments?post=5108"}],"version-history":[{"count":4,"href":"https:\/\/comtedethun.com\/fr\/wp-json\/wp\/v2\/pages\/5108\/revisions"}],"predecessor-version":[{"id":5476,"href":"https:\/\/comtedethun.com\/fr\/wp-json\/wp\/v2\/pages\/5108\/revisions\/5476"}],"wp:attachment":[{"href":"https:\/\/comtedethun.com\/fr\/wp-json\/wp\/v2\/media?parent=5108"}],"curies":[{"name":"wp","href":"https:\/\/api.w.org\/{rel}","templated":true}]}}