{"id":5103,"date":"2022-08-01T09:09:42","date_gmt":"2022-08-01T07:09:42","guid":{"rendered":"https:\/\/comtedethun.com\/?page_id=5103"},"modified":"2024-11-19T11:35:30","modified_gmt":"2024-11-19T10:35:30","slug":"contact","status":"publish","type":"page","link":"https:\/\/comtedethun.com\/fr\/contact\/","title":{"rendered":"Contact"},"content":{"rendered":"\n<div class=\"wp-block-cover has-custom-content-position is-position-bottom-center has-color-62-color has-text-color has-link-color wp-elements-3161e8263e5179f2fe4875070b1b4ccc\" style=\"min-height:450px;aspect-ratio:unset;\"><span aria-hidden=\"true\" class=\"wp-block-cover__background has-color-31-background-color has-background-dim-10 has-background-dim\"><\/span><img loading=\"lazy\" decoding=\"async\" width=\"1920\" height=\"460\" class=\"wp-block-cover__image-background wp-image-2839\" alt=\"\" src=\"https:\/\/comtedethun.com\/fr\/wp-content\/uploads\/2022\/08\/banner_contact.jpg\" style=\"object-position:50% 0%\" data-object-fit=\"cover\" data-object-position=\"50% 0%\" srcset=\"https:\/\/comtedethun.com\/fr\/wp-content\/uploads\/2022\/08\/banner_contact.jpg 1920w, https:\/\/comtedethun.com\/fr\/wp-content\/uploads\/2022\/08\/banner_contact-900x216.jpg 900w, https:\/\/comtedethun.com\/fr\/wp-content\/uploads\/2022\/08\/banner_contact-1200x288.jpg 1200w, https:\/\/comtedethun.com\/fr\/wp-content\/uploads\/2022\/08\/banner_contact-300x72.jpg 300w, https:\/\/comtedethun.com\/fr\/wp-content\/uploads\/2022\/08\/banner_contact-1024x245.jpg 1024w, https:\/\/comtedethun.com\/fr\/wp-content\/uploads\/2022\/08\/banner_contact-768x184.jpg 768w, https:\/\/comtedethun.com\/fr\/wp-content\/uploads\/2022\/08\/banner_contact-1536x368.jpg 1536w, https:\/\/comtedethun.com\/fr\/wp-content\/uploads\/2022\/08\/banner_contact-100x24.jpg 100w\" sizes=\"auto, (max-width: 1920px) 100vw, 1920px\" \/><div class=\"wp-block-cover__inner-container is-layout-constrained wp-block-cover-is-layout-constrained\"><div  class=\"gs_5zz67r row_wrap\">\n<div class=\"wp-block-columns row_xxl is-layout-flex wp-container-core-columns-is-layout-9d6595d7 wp-block-columns-is-layout-flex\">\n<div class=\"wp-block-column col-12 col-sm-auto is-layout-flow wp-block-column-is-layout-flow\">\n<h1 class=\"has-text-align-center wp-block-heading gs_FMysXs\"><span data-tag=\"title\" data-params=\"\" class=\"is-tag\">Post Titel<\/span><\/h1>\n<\/div>\n<\/div>\n<\/div><\/div><\/div>\n\n\n\n<p><\/p>\n\n\n\n<p><\/p>\n\n\n\n<div id=\"greyd-69e7367ac0b00\" class=\"wp-block-greyd-box gs_sDOPd5 greyd-content-box gs_sDOPd5\" style=\"margin-right: auto !important; margin-left: auto !important; \">\n<h2 class=\"has-text-align-center wp-block-heading\">Venez nous rendre visite<\/h2>\n\n\n\n<p class=\"has-text-align-center gs_icO9pd\">Vous souhaitez vous faire une id\u00e9e personnelle du Comte de Thun ? Nous vous invitons \u00e0 nous rendre visite \u00e0 tout moment.<\/p>\n\n\n<div  class=\"row_wrap\">\n<div class=\"wp-block-columns is-layout-flex wp-container-core-columns-is-layout-9d6595d7 wp-block-columns-is-layout-flex\">\n<div class=\"wp-block-column col-12 col-sm-auto is-layout-flow wp-block-column-is-layout-flow\">\n<h3 class=\"has-text-align-center wp-block-heading\">Au Domaine<\/h3>\n\n\n\n<p class=\"has-text-align-center\">Domaine du Comte de Thun\u00a0<br>F-81170 Frausseilles<\/p>\n\n\n\n<ul class=\"wp-block-greyd-list alignleft greyd-liste-link\" id=\"list_69e7367abf2f6\">\n<li><span class=\"list_icon icon_phone\" aria-hidden=\"true\"><\/span><span class=\"list_content\"><p><a href=\"tel:+0033609891408\">00 33 \u2013 609 89 14 08<\/a><\/p><\/span><\/li>\n\n\n\n<li><span class=\"list_icon icon_mail\" aria-hidden=\"true\"><\/span><span class=\"list_content\"><p><a href=\"mailto:shop@comtedethun.com\">shop@comtedethun.com<\/a><\/p><\/span><\/li>\n\n\n\n<li><span class=\"list_icon icon_compass\" aria-hidden=\"true\"><\/span><span class=\"list_content\"><p><a href=\"https:\/\/www.google.de\/maps\/place\/SCEA+Du+Domaine+Du+Comte+de+Thun\/@44.0282745,1.9270479,17z\/data=!3m1!4b1!4m6!3m5!1s0x12adc913370d4599:0x8804f4c1064730c6!8m2!3d44.0282707!4d1.9296282!16s%2Fg%2F1vc8lhzw?entry=ttu\" target=\"_blank\" rel=\"noreferrer noopener\">Plan d\u2019acc\u00e8s<\/a> <a href=\"https:\/\/www.google.de\/maps\/place\/SCEA+Du+Domaine+Du+Comte+de+Thun\/@44.0282745,1.9270479,17z\/data=!3m1!4b1!4m6!3m5!1s0x12adc913370d4599:0x8804f4c1064730c6!8m2!3d44.0282707!4d1.9296282!16s%2Fg%2F1vc8lhzw?entry=ttu\" target=\"_blank\" rel=\"noreferrer noopener\">\u2013 Google Maps<\/a><\/p><\/span><\/li>\n<\/ul>\n<\/div>\n\n\n\n<div class=\"wp-block-column col-12 col-sm-auto is-layout-flow wp-block-column-is-layout-flow\">\n<h3 class=\"has-text-align-center wp-block-heading\">Villa Thun<\/h3>\n\n\n<figure style=\"\" class=\"wp-block-image greyd-image  aligncenter gs_U075rL\"><img decoding=\"async\" src=\"https:\/\/comtedethun.com\/fr\/wp-content\/uploads\/2024\/02\/villa-thun-logo.svg\" class=\"wp-image-5323\" alt=\"villa-thun-logo\" \/><\/figure>\n\n\n<ul class=\"wp-block-greyd-list alignleft greyd-liste-link\" id=\"list_69e7367abf828\">\n<li><span class=\"list_icon icon_mail\" aria-hidden=\"true\"><\/span><span class=\"list_content\"><p><a href=\"villathun@comtedethun.com\">villathun@comtedethun.com<\/a><\/p><\/span><\/li>\n<\/ul>\n<\/div>\n<\/div>\n<\/div>\n\n<div  class=\"gs_Nf5gp9 row_wrap\">\n<div class=\"wp-block-columns is-layout-flex wp-container-core-columns-is-layout-9d6595d7 wp-block-columns-is-layout-flex\">\n<div class=\"wp-block-column col-12 col-sm-auto is-layout-flow wp-block-column-is-layout-flow\">\n<h2 class=\"has-text-align-center wp-block-heading\">Prenez contact avec nous<\/h2>\n\n\n\n<p class=\"has-text-align-center gs_QXQBnb\">Nos produits vous int\u00e9ressent ? N&rsquo;h\u00e9sitez pas \u00e0 nous \u00e9crire.<\/p>\n\n\n<div class='forms_wrapper'><a href='#after-greyd-form-1' class='greyd_skip_link'>Skip form<\/a><form\n\t\t\tclass='greyd_form \"Contactform\" requirement-style__required' name='form_5105' id='greyd-form-1'\n\t\t\tdata-id='5105' data-form-mode='normal' data-title='Contactform' data-nonce='4222cd28cd' data-send='enable'\n\t\t\tmethod='POST' enctype='multipart\/form-data'\n\t\t>\t\t<div style=\"visibility: hidden; position: absolute; z-index: -1; height: 0.1px; width: 0.1px; margin: 0; padding: 0;\">\n\t\t\t<label for=\"contact_me_by_fax_only\">\n\t\t\t\t<input\n\t\t\t\t\ttype=\"checkbox\"\n\t\t\t\t\tclass=\"input validation\"\n\t\t\t\t\tname=\"contact_me_by_fax_only\"\n\t\t\t\t\tid=\"contact_me_by_fax_only\"\n\t\t\t\t\tvalue=\"true\"\n\t\t\t\t\taria-hidden=\"true\"\n\t\t\t\t\ttabindex=\"-1\"\n\t\t\t\t\tautocomplete=\"off\"\n\t\t\t\t>\n\t\t\t\tContact me by fax only\n\t\t\t<\/label>\n\t\t\t<input\n\t\t\t\ttype=\"text\"\n\t\t\t\tclass=\"input validation\"\n\t\t\t\tname=\"set_your_password\"\n\t\t\t\taria-hidden=\"true\"\n\t\t\t\ttabindex=\"-1\"\n\t\t\t\tautocomplete=\"off\"\n\t\t\t>\n\t\t<\/div>\n\t\t<div  class=\"row_wrap\">\n<div class=\"wp-block-columns row_xxl is-layout-flex wp-container-core-columns-is-layout-9d6595d7 wp-block-columns-is-layout-flex\">\n<div class=\"wp-block-column col-12 col-sm-auto is-layout-flow wp-block-column-is-layout-flow\">\n<div class=\"wp-block-greyd-forms-input input-wrapper gs_s2i6yM\"><div class=\"label_wrap\"><label class=\"label\" for=\"nom___id69e7367abfe65\"><span>Nom<\/span><span class=\"requirement-required\"> *<\/span><\/label><\/div><div class=\"input-inner-wrapper\"><input class=\"input validation \" type=\"text\" name=\"nom\" id=\"nom___id69e7367abfe65\" placeholder=\"Jane\" autocomplete=\"given-name\" required data-required=\"required\" title=\"Please fill out this field\" rows=\"\"\/><span class=\"input-field-icon\" aria-hidden=\"true\"><\/span><\/div><\/div>\n<\/div>\n\n\n\n<div class=\"wp-block-column col-12 col-sm-auto is-layout-flow wp-block-column-is-layout-flow\">\n<div class=\"wp-block-greyd-forms-input input-wrapper gs_aqChC3\"><div class=\"label_wrap\"><label class=\"label\" for=\"surname___id69e7367abff58\"><span>Nom de famille<\/span><span class=\"requirement-required\"> *<\/span><\/label><\/div><div class=\"input-inner-wrapper\"><input class=\"input validation \" type=\"text\" name=\"surname\" id=\"surname___id69e7367abff58\" placeholder=\"Doe\" autocomplete=\"family-name\" required data-required=\"required\" title=\"Please fill out this field\" rows=\"\"\/><span class=\"input-field-icon\" aria-hidden=\"true\"><\/span><\/div><\/div>\n<\/div>\n\n\n\n<div class=\"wp-block-column col-12 is-layout-flow wp-block-column-is-layout-flow\">\n<div class=\"wp-block-greyd-forms-input input-wrapper gs_Uzz1Z8\"><div class=\"label_wrap\"><label class=\"label\" for=\"mail___id69e7367ac0039\"><span>E-Mail<\/span><span class=\"requirement-required\"> *<\/span><\/label><span class=\"greyd-forms-tooltip\"><button type=\"button\" class=\"greyd-forms-tooltip-toggle\" aria-expanded=\"false\" aria-controls=\"tt-mail___id69e7367ac0039\" aria-label=\"Show tooltip\"><\/button><span class=\"greyd-forms-tooltip-popup\" id=\"tt-mail___id69e7367ac0039\" role=\"tooltip\"><span>The email address should contain an &lsquo;@&rsquo;character and a valid domain with a period.<\/span><button class=\"greyd-forms-tooltip-close\" aria-label=\"Close tooltip\">\u00d7<\/button><\/span><\/span><\/div><div class=\"input-inner-wrapper\"><input class=\"input validation \" type=\"email\" name=\"mail\" id=\"mail___id69e7367ac0039\" aria-describedby=\"tt-mail___id69e7367ac0039\" placeholder=\"j.doe@mail.fr\" autocomplete=\"email\" pattern=\"\\w+([\\-+\\.]\\w+)*@\\w+([\\-\\.]\\w+)*\\.\\w+([\\-\\.]\\w+)*\" required data-required=\"required\" title=\"Please fill out this field\" rows=\"\"\/><span class=\"input-field-icon\" aria-hidden=\"true\"><\/span><\/div><\/div>\n<\/div>\n<\/div>\n<\/div>\n\n<div  class=\"gs_D9WRGN row_wrap\">\n<div class=\"wp-block-columns row_xxl is-layout-flex wp-container-core-columns-is-layout-9d6595d7 wp-block-columns-is-layout-flex\">\n<div class=\"wp-block-column col-12 col-sm-auto is-layout-flow wp-block-column-is-layout-flow\">\n<div class=\"wp-block-greyd-forms-input input-wrapper gs_Sz8AmO\"><div class=\"label_wrap\"><label class=\"label\" for=\"message___id69e7367ac01a6\"><span>Message<\/span><span class=\"requirement-optional\"> (optional)<\/span><\/label><\/div><div class=\"input-inner-wrapper\"><textarea class=\"input validation \" type=\"text\" name=\"message\" id=\"message___id69e7367ac01a6\" placeholder=\"Your message to us\" autocomplete=\"off\" data-required=\"optional\" title=\"Please fill out this field\" rows=\"5\"><\/textarea><span class=\"input-field-icon\" aria-hidden=\"true\"><\/span><\/div><\/div>\n\n\n\n<div class=\"wp-block-greyd-forms-checkbox input-wrapper gs_YhkC6E greyd-liste-link\"><label class=\"label checkbox-label\" for=\"privacy___id69e7367ac09c3\"><input class=\"checkbox_placeholder_value\" type=\"hidden\" name=\"privacy\" value=\"false\"\/><input type=\"checkbox\" id=\"privacy___id69e7367ac09c3\" name=\"privacy\" value=\"true\" required data-required=\"required\" title=\"Please mark the checkbox\"\/><div><span>J&rsquo;accepte la <a href=\"https:\/\/comtedethun.com\/fr\/politique-de-confidentialite\/\" data-type=\"page\" data-id=\"5131\">politique de confidentialit\u00e9.<\/a><\/span><span class=\"requirement-required\">&nbsp;*<\/span><\/div><\/label><style class=\"greyd-styles\">.gs_YhkC6E { color: var(--wp--preset--color--color-61) !important; } <\/style><\/div>\n\n\n\n<button class=\"wp-block-greyd-forms-submitbutton button submitbutton gs_F9BdmN  input-outer-wrapper input-wrapper\" type=\"submit\" name=\"submit\" title=\"submit\" data-text=\"Envoyer\"><span class=\"greyd_upload_progress\"><span class=\"spinner\"><span class=\"dot-loader\"><\/span><span class=\"dot-loader dot-loader--2\"><\/span><span class=\"dot-loader dot-loader--3\"><\/span><\/span><span class=\"bar\"><\/span><\/span><span style=\"flex:1\">Envoyer<\/span><\/button>\n<\/div>\n<\/div>\n<\/div>\n\n\n<p><\/p>\n<\/form><div class='after-message animate_fast' role='status' aria-live='polite'><div class='message'><\/div><\/div><div id='after-greyd-form-1'><\/div><\/div><\/div>\n<\/div>\n<\/div><\/div>\n","protected":false},"excerpt":{"rendered":"","protected":false},"author":252,"featured_media":0,"parent":0,"menu_order":0,"comment_status":"closed","ping_status":"closed","template":"","meta":{"greyd_block_editor_preview":[],"footnotes":""},"class_list":["post-5103","page","type-page","status-publish","hentry"],"_links":{"self":[{"href":"https:\/\/comtedethun.com\/fr\/wp-json\/wp\/v2\/pages\/5103","targetHints":{"allow":["GET"]}}],"collection":[{"href":"https:\/\/comtedethun.com\/fr\/wp-json\/wp\/v2\/pages"}],"about":[{"href":"https:\/\/comtedethun.com\/fr\/wp-json\/wp\/v2\/types\/page"}],"author":[{"embeddable":true,"href":"https:\/\/comtedethun.com\/fr\/wp-json\/wp\/v2\/users\/252"}],"replies":[{"embeddable":true,"href":"https:\/\/comtedethun.com\/fr\/wp-json\/wp\/v2\/comments?post=5103"}],"version-history":[{"count":5,"href":"https:\/\/comtedethun.com\/fr\/wp-json\/wp\/v2\/pages\/5103\/revisions"}],"predecessor-version":[{"id":5509,"href":"https:\/\/comtedethun.com\/fr\/wp-json\/wp\/v2\/pages\/5103\/revisions\/5509"}],"wp:attachment":[{"href":"https:\/\/comtedethun.com\/fr\/wp-json\/wp\/v2\/media?parent=5103"}],"curies":[{"name":"wp","href":"https:\/\/api.w.org\/{rel}","templated":true}]}}