{"id":2444,"date":"2022-07-27T05:42:22","date_gmt":"2022-07-27T03:42:22","guid":{"rendered":"http:\/\/wp13864119.server-he.de\/?page_id=2444"},"modified":"2025-01-21T10:48:41","modified_gmt":"2025-01-21T09:48:41","slug":"le-vignoble","status":"publish","type":"page","link":"https:\/\/comtedethun.com\/fr\/le-vignoble\/","title":{"rendered":"De Terre et d&rsquo;Homme"},"content":{"rendered":"\n<div class=\"wp-block-cover has-custom-content-position is-position-bottom-center has-color-62-color has-text-color has-link-color wp-elements-52bf15aeaee0f44e83f4048df19e0c41\" style=\"min-height:450px;aspect-ratio:unset;\"><span aria-hidden=\"true\" class=\"wp-block-cover__background has-color-31-background-color has-background-dim-20 has-background-dim\"><\/span><img loading=\"lazy\" decoding=\"async\" width=\"1920\" height=\"460\" class=\"wp-block-cover__image-background wp-image-4668\" alt=\"\" src=\"https:\/\/comtedethun.com\/fr\/wp-content\/uploads\/2024\/01\/eingang.jpg\" data-object-fit=\"cover\" srcset=\"https:\/\/comtedethun.com\/fr\/wp-content\/uploads\/2024\/01\/eingang.jpg 1920w, https:\/\/comtedethun.com\/fr\/wp-content\/uploads\/2024\/01\/eingang-300x72.jpg 300w, https:\/\/comtedethun.com\/fr\/wp-content\/uploads\/2024\/01\/eingang-1024x245.jpg 1024w, https:\/\/comtedethun.com\/fr\/wp-content\/uploads\/2024\/01\/eingang-768x184.jpg 768w, https:\/\/comtedethun.com\/fr\/wp-content\/uploads\/2024\/01\/eingang-1536x368.jpg 1536w, https:\/\/comtedethun.com\/fr\/wp-content\/uploads\/2024\/01\/eingang-900x216.jpg 900w, https:\/\/comtedethun.com\/fr\/wp-content\/uploads\/2024\/01\/eingang-1200x288.jpg 1200w\" sizes=\"auto, (max-width: 1920px) 100vw, 1920px\" \/><div class=\"wp-block-cover__inner-container is-layout-constrained wp-block-cover-is-layout-constrained\"><div  class=\"gs_5zz67r row_wrap\">\n<div class=\"wp-block-columns row_xxl is-layout-flex wp-container-core-columns-is-layout-9d6595d7 wp-block-columns-is-layout-flex\">\n<div class=\"wp-block-column col-12 col-sm-auto is-layout-flow wp-block-column-is-layout-flow\">\n<h1 class=\"has-text-align-center wp-block-heading gs_FMysXs\"><span data-tag=\"title\" data-params=\"\" class=\"is-tag\">Post Titel<\/span><\/h1>\n<\/div>\n<\/div>\n<\/div><\/div><\/div>\n\n\n\n<div id=\"greyd-69e739a9e3b7e\" class=\"wp-block-greyd-box gs_l9Lcsp greyd-content-box gs_l9Lcsp\" style=\"margin-right: auto !important; margin-left: auto !important; \"><div  class=\"gs_LPGdIC row_wrap\">\n<div class=\"wp-block-columns row_xxl is-layout-flex wp-container-core-columns-is-layout-9d6595d7 wp-block-columns-is-layout-flex\">\n<div class=\"wp-block-column col-12 col-sm-auto is-layout-flow wp-block-column-is-layout-flow\">\n<h2 class=\"has-text-align-center wp-block-heading\">Deux amis, unis par une m\u00eame passion<\/h2>\n\n\n\n<p class=\"has-text-align-center\">L&rsquo;origine du Domaine du Comte de Thun, c&rsquo;est d&rsquo;abord une histoire d&rsquo;amiti\u00e9 entre Ferdinand von Thun et Riccardo Cotarella. <\/p>\n\n\n\n<p class=\"has-text-align-center\">Le premier tombe amoureux du chateau de Frausseilles \u00e0 son arriv\u00e9e en 1998. <\/p>\n\n\n\n<p class=\"has-text-align-center\">Le second voit dans ces vignes et ce terroir un magnifique potentiel. <\/p>\n\n\n\n<p class=\"has-text-align-center\">Ensemble, ils d\u00e9cident de produire des vins de qualit\u00e9, rac\u00e9s et exigeants, \u00e0 l&rsquo;image de ce terroir unique du plateau cordais.<\/p>\n\n\n\n<p class=\"has-text-align-center\">Aujourd&rsquo;hui, Ferdinand von Thun s&rsquo;entoure de gens passionn\u00e9s, r\u00e9unis par l&rsquo;amour des beaux vins et de la fabuleuse r\u00e9gion dont ils sont issus :<\/p>\n\n\n\n<p class=\"has-text-align-center\"><strong>Le Plateau Cordais<\/strong>&nbsp;<\/p>\n<\/div>\n<\/div>\n<\/div><\/div>\n\n\n\n<div id=\"greyd-69e739aa2e767\" class=\"wp-block-greyd-box gs_bUZcUg greyd-content-box gs_bUZcUg\" style=\"margin-right: auto !important; margin-left: auto !important; \"><div  class=\"gs_i7Gh6Q row_wrap\">\n<div class=\"wp-block-columns row_xxl is-layout-flex wp-container-core-columns-is-layout-9d6595d7 wp-block-columns-is-layout-flex\">\n<div class=\"wp-block-column col-12 col-sm-auto is-layout-flow wp-block-column-is-layout-flow\">\n<div class=\"wp-block-group gs_R3QK2O group_wrap\"><div class=\"wp-block-group__inner-container is-layout-constrained wp-block-group-is-layout-constrained\"><figure id=\"greyd-69e739aa2d3b0\" style=\"\" class=\"wp-block-image greyd-image dyn is-style-rounded-corners  gs_qpTktZ\"><img loading=\"lazy\" decoding=\"async\" style=\"object-position: 34% 42%; \" width=\"960\" height=\"540\" src=\"https:\/\/comtedethun.com\/fr\/wp-content\/uploads\/2022\/07\/terroir_chateau_03.jpg\" class=\"wp-image-4814\" alt=\"terroir_chateau_03\" srcset=\"https:\/\/comtedethun.com\/fr\/wp-content\/uploads\/2022\/07\/terroir_chateau_03.jpg 960w, https:\/\/comtedethun.com\/fr\/wp-content\/uploads\/2022\/07\/terroir_chateau_03-900x506.jpg 900w, https:\/\/comtedethun.com\/fr\/wp-content\/uploads\/2022\/07\/terroir_chateau_03-300x169.jpg 300w, https:\/\/comtedethun.com\/fr\/wp-content\/uploads\/2022\/07\/terroir_chateau_03-768x432.jpg 768w, https:\/\/comtedethun.com\/fr\/wp-content\/uploads\/2022\/07\/terroir_chateau_03-100x56.jpg 100w, https:\/\/comtedethun.com\/fr\/wp-content\/uploads\/2022\/07\/terroir_chateau_03-600x338.jpg 600w\" sizes=\"auto, (max-width: 960px) 100vw, 960px\" \/><\/figure>\n\n\n<div class=\"wp-block-greyd-accordion gs_cvg7Vj  dyn\" data-autoclose=\"false\" data-openfirst=\"false\">\n<div class=\"wp-block-greyd-accordion-item dyn\"><button class=\"wp-block-greyd-accordion__title\" role=\"button\" aria-expanded=\"false\" aria-controls=\"sect-ulsu-1\" id=\"title-ulsu-1\"><span>Le pionnier \u2013 Ferdinand Von Thun<\/span><span class=\"icon icon-normal icon_plus\" aria-hidden=\"true\"><\/span><span class=\"icon icon-active icon_minus-06\" aria-hidden=\"true\"><\/span><\/button><div class=\"wp-block-greyd-accordion__content\" role=\"region\" id=\"sect-ulsu-1\" aria-labelledby=\"title-ulsu-1\">\n<p class=\"dyn gs_x2nwsh\">Si les murs pouvaient parler, ils nous conteraient ici bien des secrets&#8230; Le ch\u00e2teau de Frausseilles a surv\u00e9cu \u00e0 de nombreuses temp\u00eates et de nombreux tourments. C&#039;est tout d&#039;abord de ses pierres dont Ferdinand von Thun est tomb\u00e9 amoureux, de cette lumi\u00e8re unique qui se refl\u00e8te sur la fa\u00e7ade du ch\u00e2teau au soir tomb\u00e9. Puis il d\u00e9couvre cet \u00e9crin de verdure, ses ceps de vignes enserrant la b\u00e2tisse de leur \u00e9treinte protectrice. D\u00e8s lors, Ferdinand von Thun n&#039;aura de cesse de rendre son \u00e9clat et son prestige \u00e0 ce domaine&#8230; le travail de toute une vie, qui se poursuit encore aujourd&#039;hui.<br><a href=\"https:\/\/comtedethun.com\/wp-content\/uploads\/2024\/01\/Ferdinand_von_Thun_Interview_DT.pdf\" target=\"_blank\" rel=\"noreferrer noopener\"><span style=\"text-decoration: underline;\">Lire l&#039;interview<\/span><\/a><\/p>\n<\/div><\/div>\n<style class=\"greyd-styles\">.gs_cvg7Vj .wp-block-greyd-accordion-item { --accord-title-font-size: 2em; --accord-title-text-color: var(--color31); --accord-title-bg-color: var(--color62); --accord-bg-color: var(--color62); } .gs_cvg7Vj .wp-block-greyd-accordion-item:hover { --accord-title-text-color: var(--color31); --accord-title-bg-color: var(--color23); } .gs_cvg7Vj .wp-block-greyd-accordion__title[aria-expanded=\"true\"] { --accord-title-text-color: var(--color31); --accord-title-bg-color: var(--color62); --accord-text-color: var(--color31); --accord-bg-color: var(--color62); } <\/style><\/div>\n<\/div><\/div>\n<\/div>\n\n\n\n<div class=\"wp-block-column col-12 col-sm-auto is-layout-flow wp-block-column-is-layout-flow\">\n<div class=\"wp-block-group gs_R3QK2O group_wrap\"><div class=\"wp-block-group__inner-container is-layout-constrained wp-block-group-is-layout-constrained\"><figure id=\"greyd-69e739aa2e154\" style=\"\" class=\"wp-block-image greyd-image dyn is-style-rounded-corners  gs_qpTktZ\"><img loading=\"lazy\" decoding=\"async\" style=\"object-position: 34% 42%; \" width=\"700\" height=\"480\" src=\"https:\/\/comtedethun.com\/fr\/wp-content\/uploads\/2022\/07\/Menschen_Cotarella_01-1.jpg\" class=\"wp-image-2450\" alt=\"Menschen_Cotarella_01\" srcset=\"https:\/\/comtedethun.com\/fr\/wp-content\/uploads\/2022\/07\/Menschen_Cotarella_01-1.jpg 700w, https:\/\/comtedethun.com\/fr\/wp-content\/uploads\/2022\/07\/Menschen_Cotarella_01-1-300x206.jpg 300w, https:\/\/comtedethun.com\/fr\/wp-content\/uploads\/2022\/07\/Menschen_Cotarella_01-1-100x69.jpg 100w, https:\/\/comtedethun.com\/fr\/wp-content\/uploads\/2022\/07\/Menschen_Cotarella_01-1-600x411.jpg 600w\" sizes=\"auto, (max-width: 700px) 100vw, 700px\" \/><\/figure>\n\n\n<div class=\"wp-block-greyd-accordion gs_cvg7Vj  dyn\" data-autoclose=\"false\" data-openfirst=\"false\">\n<div class=\"wp-block-greyd-accordion-item dyn\"><button class=\"wp-block-greyd-accordion__title\" role=\"button\" aria-expanded=\"false\" aria-controls=\"sect-ulsu-2\" id=\"title-ulsu-2\"><span>Le conseiller &#8211; Riccardo Cotarella<\/span><span class=\"icon icon-normal icon_plus\" aria-hidden=\"true\"><\/span><span class=\"icon icon-active icon_minus-06\" aria-hidden=\"true\"><\/span><\/button><div class=\"wp-block-greyd-accordion__content\" role=\"region\" id=\"sect-ulsu-2\" aria-labelledby=\"title-ulsu-2\">\n<p class=\"dyn gs_x2nwsh\">Riccardo Cotarella est l&#039;un des \u0153nologues italiens les plus renomm\u00e9s. Ses cr\u00e9ations comprennent des vins embl\u00e9matiques tels que le Merlot \u00ab Montiano \u00bb de sa propre cave familiale Falesco dans le Latium, le \u00ab Montevetrano \u00bb et le \u00ab Terra di Lavoro \u00bb de Galardi en Campanie. \u00c0 maintes reprises, ce magicien du vin de renomm\u00e9e internationale parvient \u00e0 obtenir des vins d&#039;une qualit\u00e9 exceptionnelle dans des r\u00e9gions jusqu&#039;alors m\u00e9connues.<br><br>Cet atout &#8211; et son enthousiasme pour la r\u00e9gion de Gaillac &#8211; fait du Dr Cotarella l&#039;alli\u00e9 id\u00e9al du Comte Ferdinand von Thun.<\/p>\n<\/div><\/div>\n<style class=\"greyd-styles\">.gs_cvg7Vj .wp-block-greyd-accordion-item { --accord-title-font-size: 2em; --accord-title-text-color: var(--color31); --accord-title-bg-color: var(--color62); --accord-bg-color: var(--color62); } .gs_cvg7Vj .wp-block-greyd-accordion-item:hover { --accord-title-text-color: var(--color31); --accord-title-bg-color: var(--color23); } .gs_cvg7Vj .wp-block-greyd-accordion__title[aria-expanded=\"true\"] { --accord-title-text-color: var(--color31); --accord-title-bg-color: var(--color62); --accord-text-color: var(--color31); --accord-bg-color: var(--color62); } <\/style><\/div>\n<\/div><\/div>\n<\/div>\n<\/div>\n<\/div><\/div>\n\n\n\n<div class=\"wp-block-media-text is-stacked-on-mobile is-image-fill has-color-23-background-color has-background\"><figure class=\"wp-block-media-text__media\" style=\"background-image:url(https:\/\/comtedethun.com\/fr\/wp-content\/uploads\/2022\/07\/Team_011.jpg);background-position:50% 50%\"><img loading=\"lazy\" decoding=\"async\" width=\"660\" height=\"500\" src=\"https:\/\/comtedethun.com\/fr\/wp-content\/uploads\/2022\/07\/Team_011.jpg\" alt=\"\" class=\"wp-image-2507 size-full\" srcset=\"https:\/\/comtedethun.com\/fr\/wp-content\/uploads\/2022\/07\/Team_011.jpg 660w, https:\/\/comtedethun.com\/fr\/wp-content\/uploads\/2022\/07\/Team_011-300x227.jpg 300w, https:\/\/comtedethun.com\/fr\/wp-content\/uploads\/2022\/07\/Team_011-100x76.jpg 100w, https:\/\/comtedethun.com\/fr\/wp-content\/uploads\/2022\/07\/Team_011-600x455.jpg 600w\" sizes=\"auto, (max-width: 660px) 100vw, 660px\" \/><\/figure><div class=\"wp-block-media-text__content\">\n<div id=\"greyd-69e739aa2e9c9\" class=\"wp-block-greyd-box gs_XRMPz0 greyd-content-box gs_XRMPz0 flex-justify-center\">\n<h2 class=\"has-text-align-left wp-block-heading gs_TrH317\">Une \u00e9quipe passionn\u00e9e<\/h2>\n\n\n\n<p>Que ce soit \u00e0 la vigne ou au chai, il y a toujours mille choses \u00e0 faire dans un domaine. Entretenir les sols, tailler la vigne, vendanger, presser, soutirer, entonner&#8230; autant de t\u00e2ches diverses et vari\u00e9es qui demandent chacune une attention toute particuli\u00e8re. Notre \u00e9quipe d\u00e9vou\u00e9e aime le travail bien fait, et comme le dit si bien notre chef de culture \u00ab\u00a0S&rsquo;il est une chose importante, c&rsquo;est de savoir prendre le temps du vin\u00a0\u00bb. \u00catre \u00e0 l&rsquo;\u00e9coute de ses vignes, red\u00e9couvrir chaque jour le plateau cordais, tenter de nouvelles exp\u00e9riences, remettre en cause les r\u00e8gles&#8230; c&rsquo;est cette envie d&rsquo;aventure et de terroir qui unit et anime la jeune \u00e9quipe.<\/p>\n\n\n<\/div>\n<\/div><\/div>\n\n\n\n<div class=\"wp-block-media-text has-media-on-the-right is-stacked-on-mobile is-image-fill has-color-23-background-color has-background\"><div class=\"wp-block-media-text__content\">\n<div id=\"greyd-69e739aa2eb7e\" class=\"wp-block-greyd-box gs_9hV4ck greyd-content-box gs_9hV4ck flex-justify-center\">\n<h2 class=\"has-text-align-left wp-block-heading gs_AXOqhz\">Vent nouveau<\/h2>\n\n\n\n<p>Les vins du domaine du Comte de Thun ont toujours \u00e9t\u00e9 r\u00e9put\u00e9s pour leur grande qualit\u00e9, offrant des vins rouges de garde exceptionnels. Rac\u00e9s, structur\u00e9s et \u00e9l\u00e9gants, nos fameux crus mono-c\u00e9page tiennent leur promesse, m\u00eame apr\u00e8s de longues ann\u00e9es de vieillissement. La qualit\u00e9 est ici synonyme de concentration. Ces vins s\u00e9duiront les amateurs de puissance et d&rsquo;\u00e9l\u00e9gance.<\/p>\n\n\n\n<p>Mais m\u00eame si ces vins sont l&rsquo;ADN du domaine, nous savons aujourd&rsquo;hui que de plus en plus de consommateurs sont \u00e0 la recherche de vins l\u00e9gers, facile \u00e0 boire, sans prise de t\u00eate&#8230;\u2002au domaine, nous aimons aussi ces vins l\u00e0 ! La gamme s&rsquo;enrichit d\u00e9sormais de nos \u00a0\u00bb vins de joie\u00a0\u00bb, des vins aux accents festifs et l\u00e9gers, des bouteilles faciles \u00e0 d\u00e9boucher et \u00e0 boire, en toute occasion !<\/p>\n\n\n\n<p>Et s&rsquo;il nous faut cr\u00e9er des occasions, qu&rsquo;\u00e0 cela ne tienne, nous les cr\u00e9erons ensemble !<\/p>\n<\/div>\n<\/div><figure class=\"wp-block-media-text__media\" style=\"background-image:url(https:\/\/comtedethun.com\/fr\/wp-content\/uploads\/2024\/01\/chateau-1024x576.jpg);background-position:94% 55%\"><img loading=\"lazy\" decoding=\"async\" width=\"1024\" height=\"576\" src=\"https:\/\/comtedethun.com\/fr\/wp-content\/uploads\/2024\/01\/chateau-1024x576.jpg\" alt=\"\" class=\"wp-image-4673 size-full\" srcset=\"https:\/\/comtedethun.com\/fr\/wp-content\/uploads\/2024\/01\/chateau-1024x576.jpg 1024w, https:\/\/comtedethun.com\/fr\/wp-content\/uploads\/2024\/01\/chateau-300x169.jpg 300w, https:\/\/comtedethun.com\/fr\/wp-content\/uploads\/2024\/01\/chateau-768x432.jpg 768w, https:\/\/comtedethun.com\/fr\/wp-content\/uploads\/2024\/01\/chateau-1536x864.jpg 1536w, https:\/\/comtedethun.com\/fr\/wp-content\/uploads\/2024\/01\/chateau-900x506.jpg 900w, https:\/\/comtedethun.com\/fr\/wp-content\/uploads\/2024\/01\/chateau-1200x675.jpg 1200w, https:\/\/comtedethun.com\/fr\/wp-content\/uploads\/2024\/01\/chateau.jpg 1920w\" sizes=\"auto, (max-width: 1024px) 100vw, 1024px\" \/><\/figure><\/div>\n\n\n\n<div class=\"wp-block-media-text is-stacked-on-mobile is-image-fill has-color-23-background-color has-background\"><figure class=\"wp-block-media-text__media\" style=\"background-image:url(https:\/\/comtedethun.com\/fr\/wp-content\/uploads\/2024\/01\/eingang_xlarge-1024x883.jpg);background-position:50% 50%\"><img loading=\"lazy\" decoding=\"async\" width=\"1024\" height=\"883\" src=\"https:\/\/comtedethun.com\/fr\/wp-content\/uploads\/2024\/01\/eingang_xlarge-1024x883.jpg\" alt=\"\" class=\"wp-image-4677 size-full\" srcset=\"https:\/\/comtedethun.com\/fr\/wp-content\/uploads\/2024\/01\/eingang_xlarge-1024x883.jpg 1024w, https:\/\/comtedethun.com\/fr\/wp-content\/uploads\/2024\/01\/eingang_xlarge-300x259.jpg 300w, https:\/\/comtedethun.com\/fr\/wp-content\/uploads\/2024\/01\/eingang_xlarge-768x662.jpg 768w, https:\/\/comtedethun.com\/fr\/wp-content\/uploads\/2024\/01\/eingang_xlarge-1536x1325.jpg 1536w, https:\/\/comtedethun.com\/fr\/wp-content\/uploads\/2024\/01\/eingang_xlarge-900x776.jpg 900w, https:\/\/comtedethun.com\/fr\/wp-content\/uploads\/2024\/01\/eingang_xlarge-1200x1035.jpg 1200w, https:\/\/comtedethun.com\/fr\/wp-content\/uploads\/2024\/01\/eingang_xlarge.jpg 1920w\" sizes=\"auto, (max-width: 1024px) 100vw, 1024px\" \/><\/figure><div class=\"wp-block-media-text__content\">\n<div id=\"greyd-69e739aa2efad\" class=\"wp-block-greyd-box gs_CJKM70 greyd-content-box gs_CJKM70 flex-justify-center\">\n<h2 class=\"has-text-align-left wp-block-heading gs_8zctXH\">Un domaine \u00e0 d\u00e9couvrir<\/h2>\n\n\n\n<p>Que ce soit lors de nos soir\u00e9es estivales, au d\u00e9tour d&rsquo;un pique-nique dans les vignes ou tout simplement pour une d\u00e9gustation au domaine, n&rsquo;h\u00e9sitez pas \u00e0 pousser les grilles du ch\u00e2teau et venez d\u00e9couvrir nos vins et notre domaine.<\/p>\n\n\n\n<p>Depuis 2023, le domaine viticole propose \u00e9galement un h\u00e9bergement : La \u00ab Villa Thun \u00bb, une maison d&rsquo;h\u00f4tes avec 5 chambres doubles, a \u00e9t\u00e9 r\u00e9nov\u00e9e avec attention et compl\u00e8te l&rsquo;ensemble du Domaine. Elle offre aux h\u00f4tes la possibilit\u00e9 de profiter de la beaut\u00e9 \u00e9poustouflante des paysages avec ses collines, ses rivi\u00e8res, ses vall\u00e9es, ses champs, son histoire, sa culture et ses anciens villages fortifi\u00e9s ou bastides. Et en parall\u00e8le d\u00e9tente au bord de la piscine, d\u00e9gustation de vins, pique-nique dans les vignes, etc\u2026<\/p>\n\n\n\n<div class=\"wp-block-greyd-buttons alignleft\">\n<a  href=\"https:\/\/www.airbnb.fr\/rooms\/989027286882085377?source_impression_id=p3_1728916587_P3fv28GfpGqkWtaz\" target=\"_blank\" class=\"button  gs_wSLNnA \">R\u00e9servez la Villa Thun maintenant<\/a>\n<\/div>\n\n\n\n<p>Vous voulez faire une r\u00e9servation ? \u00c9crivez nous directement : <a href=\"mailto:villathun@comtedethun.com\"><span style=\"text-decoration: underline;\">villathun@comtedethun.com<\/span><\/a><\/p>\n<\/div>\n<\/div><\/div>\n\n\n\n<div id=\"greyd-69e739aa2f2a0\" class=\"wp-block-greyd-box gs_nJS2zu greyd-content-box gs_nJS2zu\" style=\"margin-right: auto !important; margin-left: auto !important; \"><div  class=\"gs_Tejr0b row_wrap\">\n<div class=\"wp-block-columns row_xxl is-layout-flex wp-container-core-columns-is-layout-9d6595d7 wp-block-columns-is-layout-flex\">\n<div class=\"wp-block-column col-12 col-sm-auto is-layout-flow wp-block-column-is-layout-flow\"><\/div>\n<\/div>\n<\/div><\/div>\n","protected":false},"excerpt":{"rendered":"","protected":false},"author":251,"featured_media":0,"parent":0,"menu_order":0,"comment_status":"closed","ping_status":"closed","template":"","meta":{"greyd_block_editor_preview":[],"footnotes":""},"class_list":["post-2444","page","type-page","status-publish","hentry"],"_links":{"self":[{"href":"https:\/\/comtedethun.com\/fr\/wp-json\/wp\/v2\/pages\/2444","targetHints":{"allow":["GET"]}}],"collection":[{"href":"https:\/\/comtedethun.com\/fr\/wp-json\/wp\/v2\/pages"}],"about":[{"href":"https:\/\/comtedethun.com\/fr\/wp-json\/wp\/v2\/types\/page"}],"author":[{"embeddable":true,"href":"https:\/\/comtedethun.com\/fr\/wp-json\/wp\/v2\/users\/251"}],"replies":[{"embeddable":true,"href":"https:\/\/comtedethun.com\/fr\/wp-json\/wp\/v2\/comments?post=2444"}],"version-history":[{"count":24,"href":"https:\/\/comtedethun.com\/fr\/wp-json\/wp\/v2\/pages\/2444\/revisions"}],"predecessor-version":[{"id":5672,"href":"https:\/\/comtedethun.com\/fr\/wp-json\/wp\/v2\/pages\/2444\/revisions\/5672"}],"wp:attachment":[{"href":"https:\/\/comtedethun.com\/fr\/wp-json\/wp\/v2\/media?parent=2444"}],"curies":[{"name":"wp","href":"https:\/\/api.w.org\/{rel}","templated":true}]}}