{"id":5122,"date":"2022-07-29T04:04:33","date_gmt":"2022-07-29T02:04:33","guid":{"rendered":"https:\/\/comtedethun.com\/?page_id=5122"},"modified":"2026-03-26T08:09:14","modified_gmt":"2026-03-26T07:09:14","slug":"wine-tasting","status":"publish","type":"page","link":"https:\/\/comtedethun.com\/en\/wine-tasting\/","title":{"rendered":"Wine tasting"},"content":{"rendered":"\n<div class=\"wp-block-cover has-custom-content-position is-position-bottom-center has-color-62-color has-text-color has-link-color wp-elements-e5d676872d6e03d247cb07a492af5a74\" style=\"min-height:550px;aspect-ratio:unset;\"><img loading=\"lazy\" decoding=\"async\" width=\"856\" height=\"642\" class=\"wp-block-cover__image-background wp-image-5060\" alt=\"\" src=\"https:\/\/comtedethun.com\/wp-content\/uploads\/2024\/01\/DSC00832.jpg\" style=\"object-position:56% 19%\" data-object-fit=\"cover\" data-object-position=\"56% 19%\" srcset=\"https:\/\/comtedethun.com\/wp-content\/uploads\/2024\/01\/DSC00832.jpg 856w, https:\/\/comtedethun.com\/wp-content\/uploads\/2024\/01\/DSC00832-300x225.jpg 300w, https:\/\/comtedethun.com\/wp-content\/uploads\/2024\/01\/DSC00832-768x576.jpg 768w\" sizes=\"auto, (max-width: 856px) 100vw, 856px\" \/><span aria-hidden=\"true\" class=\"wp-block-cover__background has-color-31-background-color has-background-dim-20 has-background-dim\"><\/span><div class=\"wp-block-cover__inner-container is-layout-constrained wp-block-cover-is-layout-constrained\"><div  class=\"gs_YrmqCa row_wrap\">\n<div class=\"wp-block-columns row_xxl is-layout-flex wp-container-core-columns-is-layout-9d6595d7 wp-block-columns-is-layout-flex\">\n<div class=\"wp-block-column col-12 col-sm-auto is-layout-flow wp-block-column-is-layout-flow\">\n<h1 class=\"wp-block-heading has-text-align-center gs_PWCeND\"><span data-tag=\"title\" data-params=\"\" class=\"is-tag\">Post Titel<\/span><\/h1>\n<\/div>\n<\/div>\n<\/div><\/div><\/div>\n\n\n\n<div id=\"greyd-69e8943bbfa6f\" class=\"wp-block-greyd-box aligncenter gs_0KiDh1 greyd-content-box gs_0KiDh1\"><div  class=\"gs_7zs1h2 row_wrap\">\n<div class=\"wp-block-columns row_xxl is-layout-flex wp-container-core-columns-is-layout-9d6595d7 wp-block-columns-is-layout-flex\">\n<div class=\"wp-block-column col-12 col-sm-auto is-layout-flow wp-block-column-is-layout-flow\">\n<h2 class=\"wp-block-heading has-text-align-center\">Enjoy a wine tasting in the comfort of your own home<\/h2>\n\n\n\n<p class=\"has-text-align-center\">We have put together a current wine collection from our wine range for you. Enjoy our wines at home alone or with friends. Our tasting kit offers you professional guidance to stimulate your senses and familiarise yourself with the diversity of our wines. A nice idea for an entertaining moment in good company and with special wines.<\/p>\n<\/div>\n<\/div>\n<\/div><\/div>\n\n\n\n<div id=\"greyd-69e8943bc1a77\" class=\"wp-block-greyd-box aligncenter gs_6kvqfb greyd-content-box gs_6kvqfb\">\n<div class=\"wp-block-media-text is-stacked-on-mobile is-style-rounded-corners\"><figure class=\"wp-block-media-text__media\"><img loading=\"lazy\" decoding=\"async\" width=\"900\" height=\"595\" src=\"https:\/\/comtedethun.com\/wp-content\/uploads\/2023\/12\/Tasting-Kit.jpg\" alt=\"\" class=\"wp-image-4222 size-full\" srcset=\"https:\/\/comtedethun.com\/wp-content\/uploads\/2023\/12\/Tasting-Kit.jpg 900w, https:\/\/comtedethun.com\/wp-content\/uploads\/2023\/12\/Tasting-Kit-300x198.jpg 300w, https:\/\/comtedethun.com\/wp-content\/uploads\/2023\/12\/Tasting-Kit-768x508.jpg 768w\" sizes=\"auto, (max-width: 900px) 100vw, 900px\" \/><\/figure><div class=\"wp-block-media-text__content\">\n<div id=\"greyd-69e8943bc19e5\" class=\"wp-block-greyd-box gs_UwHvWB greyd-content-box gs_UwHvWB flex-justify-center\">\n<h2 class=\"wp-block-heading has-text-align-left gs_waxgpD\">Grape varieties included in the tasting<\/h2>\n\n\n\n<div class=\"wp-block-greyd-buttons alignleft\">\n<a  href=\"https:\/\/comtedethun.com\/en\/produkt\/tasting-kit\/\" title=\"Tasting Kit\" class=\"button is-style-trd gs_DLVDX2 \">Buy tasting set directly<\/a>\n<\/div>\n<\/div>\n<\/div><\/div>\n<\/div>\n\n\n<div  class=\"gs_7tzNfb row_wrap\">\n<div class=\"wp-block-columns row_xxl is-layout-flex wp-container-core-columns-is-layout-9d6595d7 wp-block-columns-is-layout-flex\">\n<div class=\"wp-block-column col-12 col-sm-auto is-layout-flow wp-block-column-is-layout-flow\">\n<h2 class=\"wp-block-heading has-text-align-center gs_NdYupL\">Impressions<\/h2>\n\n\n\n<figure class=\"wp-block-gallery has-nested-images columns-default is-cropped wp-block-gallery-1 is-layout-flex wp-block-gallery-is-layout-flex\">\n<figure class=\"wp-block-image size-full is-style-rounded-corners\"><img loading=\"lazy\" decoding=\"async\" width=\"856\" height=\"642\" data-id=\"5094\" src=\"https:\/\/comtedethun.com\/wp-content\/uploads\/2024\/01\/DSC00455.jpg\" alt=\"\" class=\"wp-image-5094\" srcset=\"https:\/\/comtedethun.com\/wp-content\/uploads\/2024\/01\/DSC00455.jpg 856w, https:\/\/comtedethun.com\/wp-content\/uploads\/2024\/01\/DSC00455-300x225.jpg 300w, https:\/\/comtedethun.com\/wp-content\/uploads\/2024\/01\/DSC00455-768x576.jpg 768w\" sizes=\"auto, (max-width: 856px) 100vw, 856px\" \/><\/figure>\n\n\n\n<figure class=\"wp-block-image size-full is-style-rounded-corners\"><img loading=\"lazy\" decoding=\"async\" width=\"856\" height=\"642\" data-id=\"5098\" src=\"https:\/\/comtedethun.com\/wp-content\/uploads\/2024\/01\/IMG_0477.jpg\" alt=\"\" class=\"wp-image-5098\" srcset=\"https:\/\/comtedethun.com\/wp-content\/uploads\/2024\/01\/IMG_0477.jpg 856w, https:\/\/comtedethun.com\/wp-content\/uploads\/2024\/01\/IMG_0477-300x225.jpg 300w, https:\/\/comtedethun.com\/wp-content\/uploads\/2024\/01\/IMG_0477-768x576.jpg 768w\" sizes=\"auto, (max-width: 856px) 100vw, 856px\" \/><\/figure>\n\n\n\n<figure class=\"wp-block-image size-full is-style-rounded-corners\"><img loading=\"lazy\" decoding=\"async\" width=\"856\" height=\"642\" data-id=\"5090\" src=\"https:\/\/comtedethun.com\/wp-content\/uploads\/2024\/01\/DSC9162-30-09-19.jpg\" alt=\"\" class=\"wp-image-5090\" srcset=\"https:\/\/comtedethun.com\/wp-content\/uploads\/2024\/01\/DSC9162-30-09-19.jpg 856w, https:\/\/comtedethun.com\/wp-content\/uploads\/2024\/01\/DSC9162-30-09-19-300x225.jpg 300w, https:\/\/comtedethun.com\/wp-content\/uploads\/2024\/01\/DSC9162-30-09-19-768x576.jpg 768w\" sizes=\"auto, (max-width: 856px) 100vw, 856px\" \/><\/figure>\n\n\n\n<figure class=\"wp-block-image size-full\"><img loading=\"lazy\" decoding=\"async\" width=\"856\" height=\"642\" data-id=\"5096\" src=\"https:\/\/comtedethun.com\/wp-content\/uploads\/2024\/01\/DSC6707-30-09-19.jpg\" alt=\"\" class=\"wp-image-5096\" srcset=\"https:\/\/comtedethun.com\/wp-content\/uploads\/2024\/01\/DSC6707-30-09-19.jpg 856w, https:\/\/comtedethun.com\/wp-content\/uploads\/2024\/01\/DSC6707-30-09-19-300x225.jpg 300w, https:\/\/comtedethun.com\/wp-content\/uploads\/2024\/01\/DSC6707-30-09-19-768x576.jpg 768w\" sizes=\"auto, (max-width: 856px) 100vw, 856px\" \/><\/figure>\n\n\n\n<figure class=\"wp-block-image size-full\"><img loading=\"lazy\" decoding=\"async\" width=\"856\" height=\"642\" data-id=\"5092\" src=\"https:\/\/comtedethun.com\/wp-content\/uploads\/2024\/01\/IMG_0125.jpg\" alt=\"\" class=\"wp-image-5092\" srcset=\"https:\/\/comtedethun.com\/wp-content\/uploads\/2024\/01\/IMG_0125.jpg 856w, https:\/\/comtedethun.com\/wp-content\/uploads\/2024\/01\/IMG_0125-300x225.jpg 300w, https:\/\/comtedethun.com\/wp-content\/uploads\/2024\/01\/IMG_0125-768x576.jpg 768w\" sizes=\"auto, (max-width: 856px) 100vw, 856px\" \/><\/figure>\n\n\n\n<figure class=\"wp-block-image size-full\"><img loading=\"lazy\" decoding=\"async\" width=\"856\" height=\"642\" data-id=\"4644\" src=\"https:\/\/comtedethun.com\/wp-content\/uploads\/2024\/01\/DSC00832.jpg\" alt=\"\" class=\"wp-image-4644\" srcset=\"https:\/\/comtedethun.com\/wp-content\/uploads\/2024\/01\/DSC00832.jpg 856w, https:\/\/comtedethun.com\/wp-content\/uploads\/2024\/01\/DSC00832-300x225.jpg 300w, https:\/\/comtedethun.com\/wp-content\/uploads\/2024\/01\/DSC00832-768x576.jpg 768w\" sizes=\"auto, (max-width: 856px) 100vw, 856px\" \/><\/figure>\n<\/figure>\n<\/div>\n<\/div>\n<\/div>\n\n\n<div class=\"wp-block-media-text has-media-on-the-right is-stacked-on-mobile is-image-fill-element hidden-xs hidden-sm hidden-md hidden-lg has-color-23-background-color has-background\"><div class=\"wp-block-media-text__content\">\n<div id=\"greyd-69e8943bc5150\" class=\"wp-block-greyd-box gs_hcAFkd greyd-content-box gs_hcAFkd flex-justify-center\">\n<h2 class=\"wp-block-heading has-text-align-left gs_PzTfH2\">Weinverkostung mit&nbsp;unserem Weinmacher<\/h2>\n\n\n\n<p>Die Zeiten der virtuellen Verkostung werden von unserem Weinmacher pers\u00f6nlich best\u00e4tigt. Wenn Sie weitere Weine aus dem Portfolio der Comte de Thun probieren m\u00f6chten, k\u00f6nnen Sie dies gerne auch mit Ihm besprechen.<\/p>\n\n\n\n<p>Was sie beim Digitalen Tasting erwartet erfahren sie im Video von unserem Weinmacher.<\/p>\n\n\n\n<div class=\"wp-block-greyd-buttons alignleft\">\n<a  href=\"https:\/\/comtedethun.com\/en\/kontakt\/\" title=\"Contact\" class=\"button  gs_yoHB2p \">Digitale Verkostung anfragen<\/a>\n<\/div>\n<\/div>\n<\/div><figure class=\"wp-block-media-text__media\"><img loading=\"lazy\" decoding=\"async\" width=\"960\" height=\"540\" src=\"https:\/\/comtedethun.com\/wp-content\/uploads\/2022\/07\/Group-35391.jpg\" alt=\"\" class=\"wp-image-2697 size-full\" style=\"object-position:50% 50%\" srcset=\"https:\/\/comtedethun.com\/wp-content\/uploads\/2022\/07\/Group-35391.jpg 960w, https:\/\/comtedethun.com\/wp-content\/uploads\/2022\/07\/Group-35391-900x506.jpg 900w, https:\/\/comtedethun.com\/wp-content\/uploads\/2022\/07\/Group-35391-300x169.jpg 300w, https:\/\/comtedethun.com\/wp-content\/uploads\/2022\/07\/Group-35391-768x432.jpg 768w, https:\/\/comtedethun.com\/wp-content\/uploads\/2022\/07\/Group-35391-100x56.jpg 100w\" sizes=\"auto, (max-width: 960px) 100vw, 960px\" \/><\/figure><\/div>\n","protected":false},"excerpt":{"rendered":"<p>Impressions<\/p>\n","protected":false},"author":252,"featured_media":0,"parent":0,"menu_order":0,"comment_status":"closed","ping_status":"closed","template":"","meta":{"greyd_block_editor_preview":[],"footnotes":""},"class_list":["post-5122","page","type-page","status-publish","hentry"],"_links":{"self":[{"href":"https:\/\/comtedethun.com\/en\/wp-json\/wp\/v2\/pages\/5122","targetHints":{"allow":["GET"]}}],"collection":[{"href":"https:\/\/comtedethun.com\/en\/wp-json\/wp\/v2\/pages"}],"about":[{"href":"https:\/\/comtedethun.com\/en\/wp-json\/wp\/v2\/types\/page"}],"author":[{"embeddable":true,"href":"https:\/\/comtedethun.com\/en\/wp-json\/wp\/v2\/users\/252"}],"replies":[{"embeddable":true,"href":"https:\/\/comtedethun.com\/en\/wp-json\/wp\/v2\/comments?post=5122"}],"version-history":[{"count":5,"href":"https:\/\/comtedethun.com\/en\/wp-json\/wp\/v2\/pages\/5122\/revisions"}],"predecessor-version":[{"id":5770,"href":"https:\/\/comtedethun.com\/en\/wp-json\/wp\/v2\/pages\/5122\/revisions\/5770"}],"wp:attachment":[{"href":"https:\/\/comtedethun.com\/en\/wp-json\/wp\/v2\/media?parent=5122"}],"curies":[{"name":"wp","href":"https:\/\/api.w.org\/{rel}","templated":true}]}}